{"id":7237,"date":"2020-10-20T17:38:44","date_gmt":"2020-10-20T15:38:44","guid":{"rendered":"https:\/\/miguides.com\/?page_id=7237"},"modified":"2025-01-09T20:41:58","modified_gmt":"2025-01-09T19:41:58","slug":"egyesuleti-tagok-members","status":"publish","type":"page","link":"https:\/\/www.miguides.com\/it\/egyesuleti-tagok-members\/","title":{"rendered":"Egyes\u00fcleti tagok \/ Members"},"content":{"rendered":"\n<p class=\"has-text-align-center\"><strong>Tal\u00e1lja meg az idegenvezet\u0151j\u00e9t! \/ Find your Tourist Guide!<\/strong><\/p>\n\n\n\n<p class=\"has-text-align-center\">The list below is a selection that does not include all our guides. For more results, use exact search by&nbsp;<em>entering name, language and keywords<\/em>.<\/p>\n\n\n\n<form  method=\"get\"><div class=\"ihc-search-bar-wrapper\"><div class=\"ihc-input-pre\"><i class=\"fa-ihc fa-srch-ihc\"><\/i><\/div><input type=\"text\" name=\"ihc_search_u\" value=\"\" class=\"ihc-search-bar\" placeholder=\"Search for...\" \/><\/div><\/form><h3>No Users Found<\/h3>\n","protected":false},"excerpt":{"rendered":"<p>Tal\u00e1lja meg az idegenvezet\u0151j\u00e9t! \/ Find your Tourist Guide! The list below is a selection that does not include all our guides. For more results, use exact search by&nbsp;entering name, language and keywords.<\/p>\n","protected":false},"author":3,"featured_media":0,"parent":0,"menu_order":0,"comment_status":"closed","ping_status":"closed","template":"","meta":{"footnotes":""},"class_list":["post-7237","page","type-page","status-publish","hentry","description-off"],"yoast_head":"<!-- This site is optimized with the Yoast SEO plugin v27.4 - https:\/\/yoast.com\/product\/yoast-seo-wordpress\/ -->\n<title>Egyes\u00fcleti tagok \/ Members - Magyar Idegenvezet\u0151k Egyes\u00fclete<\/title>\n<meta name=\"robots\" content=\"index, follow, max-snippet:-1, max-image-preview:large, max-video-preview:-1\" \/>\n<link rel=\"canonical\" href=\"https:\/\/www.miguides.com\/it\/egyesuleti-tagok-members\/\" \/>\n<meta property=\"og:locale\" content=\"it_IT\" \/>\n<meta property=\"og:type\" content=\"article\" \/>\n<meta property=\"og:title\" content=\"Egyes\u00fcleti tagok \/ Members - Magyar Idegenvezet\u0151k Egyes\u00fclete\" \/>\n<meta property=\"og:description\" content=\"Tal\u00e1lja meg az idegenvezet\u0151j\u00e9t! \/ Find your Tourist Guide! The list below is a selection that does not include all our guides. For more results, use exact search by&nbsp;entering name, language and keywords.\" \/>\n<meta property=\"og:url\" content=\"https:\/\/www.miguides.com\/it\/egyesuleti-tagok-members\/\" \/>\n<meta property=\"og:site_name\" content=\"Magyar Idegenvezet\u0151k Egyes\u00fclete\" \/>\n<meta property=\"article:publisher\" content=\"https:\/\/www.facebook.com\/magyaridegenvezetokegyesulete\/\" \/>\n<meta property=\"article:modified_time\" content=\"2025-01-09T19:41:58+00:00\" \/>\n<meta name=\"twitter:card\" content=\"summary_large_image\" \/>\n<meta name=\"twitter:label1\" content=\"Tempo di lettura stimato\" \/>\n\t<meta name=\"twitter:data1\" content=\"1 minuto\" \/>\n<script type=\"application\/ld+json\" class=\"yoast-schema-graph\">{\"@context\":\"https:\\\/\\\/schema.org\",\"@graph\":[{\"@type\":\"WebPage\",\"@id\":\"https:\\\/\\\/www.miguides.com\\\/it\\\/egyesuleti-tagok-members\\\/\",\"url\":\"https:\\\/\\\/www.miguides.com\\\/it\\\/egyesuleti-tagok-members\\\/\",\"name\":\"Egyes\u00fcleti tagok \\\/ Members - Magyar Idegenvezet\u0151k Egyes\u00fclete\",\"isPartOf\":{\"@id\":\"https:\\\/\\\/www.miguides.com\\\/it\\\/#website\"},\"datePublished\":\"2020-10-20T15:38:44+00:00\",\"dateModified\":\"2025-01-09T19:41:58+00:00\",\"breadcrumb\":{\"@id\":\"https:\\\/\\\/www.miguides.com\\\/it\\\/egyesuleti-tagok-members\\\/#breadcrumb\"},\"inLanguage\":\"it-IT\",\"potentialAction\":[{\"@type\":\"ReadAction\",\"target\":[\"https:\\\/\\\/www.miguides.com\\\/it\\\/egyesuleti-tagok-members\\\/\"]}]},{\"@type\":\"BreadcrumbList\",\"@id\":\"https:\\\/\\\/www.miguides.com\\\/it\\\/egyesuleti-tagok-members\\\/#breadcrumb\",\"itemListElement\":[{\"@type\":\"ListItem\",\"position\":1,\"name\":\"Kezd\u0151lap\",\"item\":\"https:\\\/\\\/www.miguides.com\\\/it\\\/\"},{\"@type\":\"ListItem\",\"position\":2,\"name\":\"Egyes\u00fcleti tagok \\\/ Members\"}]},{\"@type\":\"WebSite\",\"@id\":\"https:\\\/\\\/www.miguides.com\\\/it\\\/#website\",\"url\":\"https:\\\/\\\/www.miguides.com\\\/it\\\/\",\"name\":\"Magyar Idegenvezet\u0151k Egyes\u00fclete\",\"description\":\"Magyar Idegenvezet\u0151k Egyes\u00fclete\",\"potentialAction\":[{\"@type\":\"SearchAction\",\"target\":{\"@type\":\"EntryPoint\",\"urlTemplate\":\"https:\\\/\\\/www.miguides.com\\\/it\\\/?s={search_term_string}\"},\"query-input\":{\"@type\":\"PropertyValueSpecification\",\"valueRequired\":true,\"valueName\":\"search_term_string\"}}],\"inLanguage\":\"it-IT\"}]}<\/script>\n<!-- \/ Yoast SEO plugin. -->","yoast_head_json":{"title":"Egyes\u00fcleti tagok \/ Members - Magyar Idegenvezet\u0151k Egyes\u00fclete","robots":{"index":"index","follow":"follow","max-snippet":"max-snippet:-1","max-image-preview":"max-image-preview:large","max-video-preview":"max-video-preview:-1"},"canonical":"https:\/\/www.miguides.com\/it\/egyesuleti-tagok-members\/","og_locale":"it_IT","og_type":"article","og_title":"Egyes\u00fcleti tagok \/ Members - Magyar Idegenvezet\u0151k Egyes\u00fclete","og_description":"Tal\u00e1lja meg az idegenvezet\u0151j\u00e9t! \/ Find your Tourist Guide! The list below is a selection that does not include all our guides. For more results, use exact search by&nbsp;entering name, language and keywords.","og_url":"https:\/\/www.miguides.com\/it\/egyesuleti-tagok-members\/","og_site_name":"Magyar Idegenvezet\u0151k Egyes\u00fclete","article_publisher":"https:\/\/www.facebook.com\/magyaridegenvezetokegyesulete\/","article_modified_time":"2025-01-09T19:41:58+00:00","twitter_card":"summary_large_image","twitter_misc":{"Tempo di lettura stimato":"1 minuto"},"schema":{"@context":"https:\/\/schema.org","@graph":[{"@type":"WebPage","@id":"https:\/\/www.miguides.com\/it\/egyesuleti-tagok-members\/","url":"https:\/\/www.miguides.com\/it\/egyesuleti-tagok-members\/","name":"Egyes\u00fcleti tagok \/ Members - Magyar Idegenvezet\u0151k Egyes\u00fclete","isPartOf":{"@id":"https:\/\/www.miguides.com\/it\/#website"},"datePublished":"2020-10-20T15:38:44+00:00","dateModified":"2025-01-09T19:41:58+00:00","breadcrumb":{"@id":"https:\/\/www.miguides.com\/it\/egyesuleti-tagok-members\/#breadcrumb"},"inLanguage":"it-IT","potentialAction":[{"@type":"ReadAction","target":["https:\/\/www.miguides.com\/it\/egyesuleti-tagok-members\/"]}]},{"@type":"BreadcrumbList","@id":"https:\/\/www.miguides.com\/it\/egyesuleti-tagok-members\/#breadcrumb","itemListElement":[{"@type":"ListItem","position":1,"name":"Kezd\u0151lap","item":"https:\/\/www.miguides.com\/it\/"},{"@type":"ListItem","position":2,"name":"Egyes\u00fcleti tagok \/ Members"}]},{"@type":"WebSite","@id":"https:\/\/www.miguides.com\/it\/#website","url":"https:\/\/www.miguides.com\/it\/","name":"Magyar Idegenvezet\u0151k Egyes\u00fclete","description":"Magyar Idegenvezet\u0151k Egyes\u00fclete","potentialAction":[{"@type":"SearchAction","target":{"@type":"EntryPoint","urlTemplate":"https:\/\/www.miguides.com\/it\/?s={search_term_string}"},"query-input":{"@type":"PropertyValueSpecification","valueRequired":true,"valueName":"search_term_string"}}],"inLanguage":"it-IT"}]}},"_links":{"self":[{"href":"https:\/\/www.miguides.com\/it\/wp-json\/wp\/v2\/pages\/7237","targetHints":{"allow":["GET"]}}],"collection":[{"href":"https:\/\/www.miguides.com\/it\/wp-json\/wp\/v2\/pages"}],"about":[{"href":"https:\/\/www.miguides.com\/it\/wp-json\/wp\/v2\/types\/page"}],"author":[{"embeddable":true,"href":"https:\/\/www.miguides.com\/it\/wp-json\/wp\/v2\/users\/3"}],"replies":[{"embeddable":true,"href":"https:\/\/www.miguides.com\/it\/wp-json\/wp\/v2\/comments?post=7237"}],"version-history":[{"count":6,"href":"https:\/\/www.miguides.com\/it\/wp-json\/wp\/v2\/pages\/7237\/revisions"}],"predecessor-version":[{"id":16588,"href":"https:\/\/www.miguides.com\/it\/wp-json\/wp\/v2\/pages\/7237\/revisions\/16588"}],"wp:attachment":[{"href":"https:\/\/www.miguides.com\/it\/wp-json\/wp\/v2\/media?parent=7237"}],"curies":[{"name":"wp","href":"https:\/\/api.w.org\/{rel}","templated":true}]}}