{"id":2062,"date":"2020-06-17T00:42:41","date_gmt":"2020-06-16T22:42:41","guid":{"rendered":"https:\/\/miguides.com\/?page_id=2062"},"modified":"2025-11-18T18:41:27","modified_gmt":"2025-11-18T17:41:27","slug":"contatto","status":"publish","type":"page","link":"https:\/\/www.miguides.com\/it\/contatto\/","title":{"rendered":"Contatto"},"content":{"rendered":"<div class=\"wpb-content-wrapper\"><p>[vc_row][vc_column][vc_column_text]<\/p>\n<h3>Associazione delle guide turistiche ungheresi<\/h3>\n<p><strong>Indirizzo<\/strong>: <strong>H-1063 Budapest, Szinyei Merse P\u00e1l utca 10.,alagsor 2., Ungheria<\/strong><br \/><strong>Web<\/strong>: https:\/\/miguides.com<br \/><strong>Facebook<\/strong>: https:\/\/www.facebook.com\/magyaridegenvezetokegyesulete\/<\/p>\n<h4>Contatto italiano:<\/h4>\n<h4>Gestione:<\/h4>\n<p><strong>Judit De\u00e1k<\/strong> &#8211; Presidente, domande generali: +3620 599 4544<br \/>info@miguides.com<\/p>\n<p><strong>Gergely Papp<\/strong> &#8211; impiegato, membro del consiglio di amministrazione: +3630 696 7672<br \/>titkarsag@miguides.com<\/p>\n<div><strong>Krisztina Tam\u00e1si &#8211; <\/strong>Relazioni etiche e internazionali: +3620 373 3094<\/div>\n<div>tourism@miguides.com<\/div>\n<p>[\/vc_column_text][\/vc_column][\/vc_row]<\/p>\n\n<div class=\"wpcf7 no-js\" id=\"wpcf7-f2075-o1\" lang=\"it-IT\" dir=\"ltr\" data-wpcf7-id=\"2075\">\n<div class=\"screen-reader-response\"><p role=\"status\" aria-live=\"polite\" aria-atomic=\"true\"><\/p> <ul><\/ul><\/div>\n<form action=\"\/it\/wp-json\/wp\/v2\/pages\/2062#wpcf7-f2075-o1\" method=\"post\" class=\"wpcf7-form init\" aria-label=\"Modulo di contatto\" novalidate=\"novalidate\" data-status=\"init\">\n<fieldset class=\"hidden-fields-container\"><input type=\"hidden\" name=\"_wpcf7\" value=\"2075\" \/><input type=\"hidden\" name=\"_wpcf7_version\" value=\"6.1.5\" \/><input type=\"hidden\" name=\"_wpcf7_locale\" value=\"it_IT\" \/><input type=\"hidden\" name=\"_wpcf7_unit_tag\" value=\"wpcf7-f2075-o1\" \/><input type=\"hidden\" name=\"_wpcf7_container_post\" value=\"0\" \/><input type=\"hidden\" name=\"_wpcf7_posted_data_hash\" value=\"\" \/><input type=\"hidden\" name=\"_wpcf7_recaptcha_response\" value=\"\" \/>\n<\/fieldset>\n<p><label> Nome (obbligatorio)<br \/>\n<span class=\"wpcf7-form-control-wrap\" data-name=\"your-name\"><input size=\"40\" maxlength=\"400\" class=\"wpcf7-form-control wpcf7-text wpcf7-validates-as-required\" aria-required=\"true\" aria-invalid=\"false\" value=\"\" type=\"text\" name=\"your-name\" \/><\/span> <\/label>\n<\/p>\n<p><label> E-mail (obbligatoria)<br \/>\n<span class=\"wpcf7-form-control-wrap\" data-name=\"your-email\"><input size=\"40\" maxlength=\"400\" class=\"wpcf7-form-control wpcf7-email wpcf7-validates-as-required wpcf7-text wpcf7-validates-as-email\" aria-required=\"true\" aria-invalid=\"false\" value=\"\" type=\"email\" name=\"your-email\" \/><\/span> <\/label>\n<\/p>\n<p><label> Telefono (obbligatorio)<br \/>\n<span class=\"wpcf7-form-control-wrap\" data-name=\"text-694\"><input size=\"40\" maxlength=\"400\" class=\"wpcf7-form-control wpcf7-text wpcf7-validates-as-required\" aria-required=\"true\" aria-invalid=\"false\" value=\"\" type=\"text\" name=\"text-694\" \/><\/span><\/label>\n<\/p>\n<p><label> Soggetto<br \/>\n<span class=\"wpcf7-form-control-wrap\" data-name=\"your-subject\"><input size=\"40\" maxlength=\"400\" class=\"wpcf7-form-control wpcf7-text\" aria-invalid=\"false\" value=\"\" type=\"text\" name=\"your-subject\" \/><\/span> <\/label>\n<\/p>\n<p><label> Messaggio<br \/>\n<span class=\"wpcf7-form-control-wrap\" data-name=\"your-message\"><textarea cols=\"40\" rows=\"10\" maxlength=\"2000\" class=\"wpcf7-form-control wpcf7-textarea\" aria-invalid=\"false\" name=\"your-message\"><\/textarea><\/span> <\/label>\n<\/p>\n<p><input class=\"wpcf7-form-control wpcf7-submit has-spinner\" type=\"submit\" value=\"Invia\" \/>\n<\/p><div class=\"wpcf7-response-output\" aria-hidden=\"true\"><\/div>\n<\/form>\n<\/div>\n\n\n\n<p><\/p>\n<\/div>","protected":false},"excerpt":{"rendered":"<p>[vc_row][vc_column][vc_column_text] Associazione delle guide turistiche ungheresi Indirizzo: H-1063 Budapest, Szinyei Merse P\u00e1l utca 10.,alagsor 2., UngheriaWeb: https:\/\/miguides.comFacebook: https:\/\/www.facebook.com\/magyaridegenvezetokegyesulete\/ Contatto italiano: Gestione: Judit De\u00e1k &#8211; Presidente, domande generali: +3620 599 4544info@miguides.com Gergely Papp &#8211; impiegato, membro del consiglio di amministrazione: +3630 696 7672titkarsag@miguides.com Krisztina Tam\u00e1si &#8211; Relazioni etiche e internazionali: +3620 373 3094 tourism@miguides.com [\/vc_column_text][\/vc_column][\/vc_row]<\/p>\n","protected":false},"author":2,"featured_media":0,"parent":0,"menu_order":0,"comment_status":"closed","ping_status":"closed","template":"","meta":{"footnotes":""},"class_list":["post-2062","page","type-page","status-publish","hentry","description-off"],"yoast_head":"<!-- This site is optimized with the Yoast SEO plugin v27.4 - https:\/\/yoast.com\/product\/yoast-seo-wordpress\/ -->\n<title>Contatto - Magyar Idegenvezet\u0151k Egyes\u00fclete<\/title>\n<meta name=\"robots\" content=\"index, follow, max-snippet:-1, max-image-preview:large, max-video-preview:-1\" \/>\n<link rel=\"canonical\" href=\"https:\/\/www.miguides.com\/it\/contatto\/\" \/>\n<meta property=\"og:locale\" content=\"it_IT\" \/>\n<meta property=\"og:type\" content=\"article\" \/>\n<meta property=\"og:title\" content=\"Contatto - Magyar Idegenvezet\u0151k Egyes\u00fclete\" \/>\n<meta property=\"og:description\" content=\"[vc_row][vc_column][vc_column_text] Associazione delle guide turistiche ungheresi Indirizzo: H-1063 Budapest, Szinyei Merse P\u00e1l utca 10.,alagsor 2., UngheriaWeb: https:\/\/miguides.comFacebook: https:\/\/www.facebook.com\/magyaridegenvezetokegyesulete\/ Contatto italiano: Gestione: Judit De\u00e1k &#8211; Presidente, domande generali: +3620 599 4544info@miguides.com Gergely Papp &#8211; impiegato, membro del consiglio di amministrazione: +3630 696 7672titkarsag@miguides.com Krisztina Tam\u00e1si &#8211; Relazioni etiche e internazionali: +3620 373 3094 tourism@miguides.com [\/vc_column_text][\/vc_column][\/vc_row]\" \/>\n<meta property=\"og:url\" content=\"https:\/\/www.miguides.com\/it\/contatto\/\" \/>\n<meta property=\"og:site_name\" content=\"Magyar Idegenvezet\u0151k Egyes\u00fclete\" \/>\n<meta property=\"article:publisher\" content=\"https:\/\/www.facebook.com\/magyaridegenvezetokegyesulete\/\" \/>\n<meta property=\"article:modified_time\" content=\"2025-11-18T17:41:27+00:00\" \/>\n<meta name=\"twitter:card\" content=\"summary_large_image\" \/>\n<meta name=\"twitter:label1\" content=\"Tempo di lettura stimato\" \/>\n\t<meta name=\"twitter:data1\" content=\"1 minuto\" \/>\n<script type=\"application\/ld+json\" class=\"yoast-schema-graph\">{\"@context\":\"https:\\\/\\\/schema.org\",\"@graph\":[{\"@type\":\"WebPage\",\"@id\":\"https:\\\/\\\/www.miguides.com\\\/it\\\/contatto\\\/\",\"url\":\"https:\\\/\\\/www.miguides.com\\\/it\\\/contatto\\\/\",\"name\":\"Contatto - Magyar Idegenvezet\u0151k Egyes\u00fclete\",\"isPartOf\":{\"@id\":\"https:\\\/\\\/www.miguides.com\\\/it\\\/#website\"},\"datePublished\":\"2020-06-16T22:42:41+00:00\",\"dateModified\":\"2025-11-18T17:41:27+00:00\",\"breadcrumb\":{\"@id\":\"https:\\\/\\\/www.miguides.com\\\/it\\\/contatto\\\/#breadcrumb\"},\"inLanguage\":\"it-IT\",\"potentialAction\":[{\"@type\":\"ReadAction\",\"target\":[\"https:\\\/\\\/www.miguides.com\\\/it\\\/contatto\\\/\"]}]},{\"@type\":\"BreadcrumbList\",\"@id\":\"https:\\\/\\\/www.miguides.com\\\/it\\\/contatto\\\/#breadcrumb\",\"itemListElement\":[{\"@type\":\"ListItem\",\"position\":1,\"name\":\"Kezd\u0151lap\",\"item\":\"https:\\\/\\\/www.miguides.com\\\/it\\\/\"},{\"@type\":\"ListItem\",\"position\":2,\"name\":\"Contatto\"}]},{\"@type\":\"WebSite\",\"@id\":\"https:\\\/\\\/www.miguides.com\\\/it\\\/#website\",\"url\":\"https:\\\/\\\/www.miguides.com\\\/it\\\/\",\"name\":\"Magyar Idegenvezet\u0151k Egyes\u00fclete\",\"description\":\"Magyar Idegenvezet\u0151k Egyes\u00fclete\",\"potentialAction\":[{\"@type\":\"SearchAction\",\"target\":{\"@type\":\"EntryPoint\",\"urlTemplate\":\"https:\\\/\\\/www.miguides.com\\\/it\\\/?s={search_term_string}\"},\"query-input\":{\"@type\":\"PropertyValueSpecification\",\"valueRequired\":true,\"valueName\":\"search_term_string\"}}],\"inLanguage\":\"it-IT\"}]}<\/script>\n<!-- \/ Yoast SEO plugin. -->","yoast_head_json":{"title":"Contatto - Magyar Idegenvezet\u0151k Egyes\u00fclete","robots":{"index":"index","follow":"follow","max-snippet":"max-snippet:-1","max-image-preview":"max-image-preview:large","max-video-preview":"max-video-preview:-1"},"canonical":"https:\/\/www.miguides.com\/it\/contatto\/","og_locale":"it_IT","og_type":"article","og_title":"Contatto - Magyar Idegenvezet\u0151k Egyes\u00fclete","og_description":"[vc_row][vc_column][vc_column_text] Associazione delle guide turistiche ungheresi Indirizzo: H-1063 Budapest, Szinyei Merse P\u00e1l utca 10.,alagsor 2., UngheriaWeb: https:\/\/miguides.comFacebook: https:\/\/www.facebook.com\/magyaridegenvezetokegyesulete\/ Contatto italiano: Gestione: Judit De\u00e1k &#8211; Presidente, domande generali: +3620 599 4544info@miguides.com Gergely Papp &#8211; impiegato, membro del consiglio di amministrazione: +3630 696 7672titkarsag@miguides.com Krisztina Tam\u00e1si &#8211; Relazioni etiche e internazionali: +3620 373 3094 tourism@miguides.com [\/vc_column_text][\/vc_column][\/vc_row]","og_url":"https:\/\/www.miguides.com\/it\/contatto\/","og_site_name":"Magyar Idegenvezet\u0151k Egyes\u00fclete","article_publisher":"https:\/\/www.facebook.com\/magyaridegenvezetokegyesulete\/","article_modified_time":"2025-11-18T17:41:27+00:00","twitter_card":"summary_large_image","twitter_misc":{"Tempo di lettura stimato":"1 minuto"},"schema":{"@context":"https:\/\/schema.org","@graph":[{"@type":"WebPage","@id":"https:\/\/www.miguides.com\/it\/contatto\/","url":"https:\/\/www.miguides.com\/it\/contatto\/","name":"Contatto - Magyar Idegenvezet\u0151k Egyes\u00fclete","isPartOf":{"@id":"https:\/\/www.miguides.com\/it\/#website"},"datePublished":"2020-06-16T22:42:41+00:00","dateModified":"2025-11-18T17:41:27+00:00","breadcrumb":{"@id":"https:\/\/www.miguides.com\/it\/contatto\/#breadcrumb"},"inLanguage":"it-IT","potentialAction":[{"@type":"ReadAction","target":["https:\/\/www.miguides.com\/it\/contatto\/"]}]},{"@type":"BreadcrumbList","@id":"https:\/\/www.miguides.com\/it\/contatto\/#breadcrumb","itemListElement":[{"@type":"ListItem","position":1,"name":"Kezd\u0151lap","item":"https:\/\/www.miguides.com\/it\/"},{"@type":"ListItem","position":2,"name":"Contatto"}]},{"@type":"WebSite","@id":"https:\/\/www.miguides.com\/it\/#website","url":"https:\/\/www.miguides.com\/it\/","name":"Magyar Idegenvezet\u0151k Egyes\u00fclete","description":"Magyar Idegenvezet\u0151k Egyes\u00fclete","potentialAction":[{"@type":"SearchAction","target":{"@type":"EntryPoint","urlTemplate":"https:\/\/www.miguides.com\/it\/?s={search_term_string}"},"query-input":{"@type":"PropertyValueSpecification","valueRequired":true,"valueName":"search_term_string"}}],"inLanguage":"it-IT"}]}},"_links":{"self":[{"href":"https:\/\/www.miguides.com\/it\/wp-json\/wp\/v2\/pages\/2062","targetHints":{"allow":["GET"]}}],"collection":[{"href":"https:\/\/www.miguides.com\/it\/wp-json\/wp\/v2\/pages"}],"about":[{"href":"https:\/\/www.miguides.com\/it\/wp-json\/wp\/v2\/types\/page"}],"author":[{"embeddable":true,"href":"https:\/\/www.miguides.com\/it\/wp-json\/wp\/v2\/users\/2"}],"replies":[{"embeddable":true,"href":"https:\/\/www.miguides.com\/it\/wp-json\/wp\/v2\/comments?post=2062"}],"version-history":[{"count":5,"href":"https:\/\/www.miguides.com\/it\/wp-json\/wp\/v2\/pages\/2062\/revisions"}],"predecessor-version":[{"id":17230,"href":"https:\/\/www.miguides.com\/it\/wp-json\/wp\/v2\/pages\/2062\/revisions\/17230"}],"wp:attachment":[{"href":"https:\/\/www.miguides.com\/it\/wp-json\/wp\/v2\/media?parent=2062"}],"curies":[{"name":"wp","href":"https:\/\/api.w.org\/{rel}","templated":true}]}}