{"id":2013,"date":"2020-06-16T23:05:01","date_gmt":"2020-06-16T21:05:01","guid":{"rendered":"https:\/\/miguides.com\/?page_id=2013"},"modified":"2026-02-27T20:51:44","modified_gmt":"2026-02-27T19:51:44","slug":"home","status":"publish","type":"page","link":"https:\/\/www.miguides.com\/it\/","title":{"rendered":"Casa"},"content":{"rendered":"<div class=\"wpb-content-wrapper\"><h2 style=\"text-align: center;\">Benvenuti sul sito web dell&#8217;Associazione delle guide turistiche ungheresi!<\/h2>\n<p><span style=\"font-weight: 400;\">[vc_row][vc_column width=&#8221;1\/6&#8243;][vc_column_text]<\/span>[\/vc_column_text][\/vc_column]<\/p>\n<p><span style=\"font-weight: 400;\">[vc_column width=&#8221;4\/6&#8243;][vc_column_text]<\/span><\/p>\n<p><span style=\"font-weight: 400;\">L\u2019Associazione delle guide turistiche ungheresi (Magyar Idegenvezet\u0151k Egyes\u00fclete, forma abbreviata: MIe) si \u00e8 costituita il 10 novembre 2016 a Budapest.<\/span><\/p>\n<p><span style=\"font-weight: 400;\">Gli obiettivi della MIe:<\/span><\/p>\n<ul>\n<li style=\"font-weight: 400;\"><span style=\"font-weight: 400;\">aumentare e mantenere alta la qualit\u00e0 del lavoro svolto e<\/span><\/li>\n<li style=\"font-weight: 400;\"><span style=\"font-weight: 400;\">tutelare e rappresentare gli interessi professionali delle guide autorizzate in Ungheria.<\/span><\/li>\n<\/ul>\n<p><span style=\"font-weight: 400;\">Per realizzare i suddetti obiettivi i rappresentanti della MIe partecipano ai colloqui con i decison-makers professionali e politici.<\/span><\/p>\n<p><span style=\"font-weight: 400;\">La MIe \u00e8 in continua collaborazione con le pi\u00f9 importanti realt\u00e0 professionali, sia in Ungheria che all\u2019estero.<\/span><\/p>\n<p><span style=\"font-weight: 400;\">Per garantire la qualit\u00e0 professionale del lavoro svolto la MIe propone corsi agevolati di aggiornamento professionale ai propri soci.<\/span><\/p>\n<p><span style=\"font-weight: 400;\">La MIe invita i propri soci a rispettare il Codice etico e di condotta professionale.<\/span><\/p>\n<p><span style=\"font-weight: 400;\">La MIe offre assistenza professionale (in caso di necessit\u00e0 anche assistenza giudiziaria) ai suoi soci.<\/span><\/p>\n<p><span style=\"font-weight: 400;\">La MIe \u00e8 in grado di proporre \u2013 su richiesta e fra i propri soci \u2013 anche delle guide altamente qualificate.<\/span><\/p>\n<p>[\/vc_column_text][\/vc_column]<span style=\"font-weight: 400;\">[vc_column width=&#8221;1\/6&#8243;][vc_column_text]<\/span>[\/vc_column_text][\/vc_column][\/vc_row]<\/p>\n<h3 style=\"text-align: center;\">I nostri partner e promotori<\/h3>\n<p>\u00a0<\/p>\n\n<p>[vc_row][vc_column width=&#8221;1\/6&#8243;][vc_column_text][\/vc_column_text][\/vc_column]<\/p>\n<p style=\"text-align: left;\">[vc_column width=&#8221;1\/5&#8243;][vc_column_text]<b>Member of<\/b><\/p>\n<p style=\"text-align: left;\"><img loading=\"lazy\" decoding=\"async\" class=\"alignnone wp-image-7504\" src=\"https:\/\/www.miguides.com\/wp-content\/uploads\/2020\/11\/WFTGA-01_1200px-150x150.jpg\" alt=\"World Federation of Tourist Guide Associations\" width=\"150\" height=\"150\" srcset=\"https:\/\/www.miguides.com\/wp-content\/uploads\/2020\/11\/WFTGA-01_1200px-150x150.jpg 150w, https:\/\/www.miguides.com\/wp-content\/uploads\/2020\/11\/WFTGA-01_1200px-300x300.jpg 300w, https:\/\/www.miguides.com\/wp-content\/uploads\/2020\/11\/WFTGA-01_1200px-200x200.jpg 200w, https:\/\/www.miguides.com\/wp-content\/uploads\/2020\/11\/WFTGA-01_1200px-600x600.jpg 600w, https:\/\/www.miguides.com\/wp-content\/uploads\/2020\/11\/WFTGA-01_1200px-1024x1024.jpg 1024w, https:\/\/www.miguides.com\/wp-content\/uploads\/2020\/11\/WFTGA-01_1200px-768x768.jpg 768w, https:\/\/www.miguides.com\/wp-content\/uploads\/2020\/11\/WFTGA-01_1200px.jpg 1200w\" sizes=\"auto, (max-width: 150px) 100vw, 150px\" \/>[\/vc_column_text][\/vc_column]<\/p>\n<p style=\"text-align: left;\">[vc_column width=&#8221;1\/5&#8243;][vc_column_text]<b>Member of<\/b><\/p>\n<p><img loading=\"lazy\" decoding=\"async\" class=\"alignnone wp-image-3035\" src=\"https:\/\/miguides.com\/wp-content\/uploads\/2020\/03\/FEG-150x150.jpg\" alt=\"European Federation of Tourist Guide Associations\" width=\"150\" height=\"150\">[\/vc_column_text][\/vc_column]<\/p>\n<p>[vc_column width=&#8221;1\/5&#8243;][vc_column_text]<\/p>\n<p>[\/vc_column_text][\/vc_column]<\/p>\n<p>[vc_column width=&#8221;1\/5&#8243;][vc_column_text][\/vc_column_text][\/vc_column][\/vc_row]<\/p>\n\n\n<p>[vc_row][vc_column width=&#8221;1\/6&#8243;][vc_column_text][\/vc_column_text][\/vc_column]<\/p>\n<p>[vc_column width=&#8221;1\/5&#8243;][vc_column_text]<a href=\"https:\/\/www.iminibusz.hu\/\" target=\"_blank\" rel=\"noopener noreferrer\"><img loading=\"lazy\" decoding=\"async\" class=\"alignnone wp-image-2367 size-full\" src=\"https:\/\/miguides.com\/wp-content\/uploads\/2017\/05\/file-page1.jpg\" alt=\"\" width=\"248\" height=\"46\"><\/a>[\/vc_column_text][\/vc_column]<\/p>\n<p>[vc_column width=&#8221;1\/5&#8243;][vc_column_text]<a href=\"https:\/\/www.hotelvisegrad.hu\" target=\"_blank\" rel=\"noopener noreferrer\"><img loading=\"lazy\" decoding=\"async\" class=\"alignnone wp-image-2363 size-full\" src=\"https:\/\/miguides.com\/wp-content\/uploads\/2017\/05\/Hotel_Visegrad_logo-jpg.jpg\" alt=\"\" width=\"228\" height=\"80\"><\/a>[\/vc_column_text][\/vc_column]<\/p>\n<p>[vc_column width=&#8221;1\/5&#8243;][vc_column_text][\/vc_column_text][\/vc_column]<\/p>\n<p>[vc_column width=&#8221;1\/5&#8243;][vc_column_text][\/vc_column_text][\/vc_column][\/vc_row]<\/p>\n\n\n<p>[vc_row][vc_column width=&#8221;1\/6&#8243;][vc_column_text][\/vc_column_text][\/vc_column]<\/p>\n<p>[vc_column width=&#8221;1\/5&#8243;][vc_column_text]<img loading=\"lazy\" decoding=\"async\" class=\"alignnone wp-image-2879\" src=\"https:\/\/miguides.com\/wp-content\/uploads\/2018\/04\/VIA_SACRA_logo_2C_lila_zold-300x171.jpg\" alt=\"\" width=\"229\" height=\"108\">[\/vc_column_text][\/vc_column][vc_column width=&#8221;1\/5&#8243;][vc_column_text]<img loading=\"lazy\" decoding=\"async\" class=\"alignnone  wp-image-2883\" src=\"https:\/\/miguides.com\/wp-content\/uploads\/2018\/04\/zseppelin_nagylogo_mpng-300x137.png\" alt=\"\" width=\"257\" height=\"95\">[\/vc_column_text][\/vc_column][vc_column width=&#8221;1\/5&#8243;][vc_column_text]<img loading=\"lazy\" decoding=\"async\" class=\"alignnone  wp-image-2939\" src=\"https:\/\/miguides.com\/wp-content\/uploads\/2019\/08\/proko_logo_png1-300x300.png\" alt=\"\" width=\"178\" height=\"136\">[\/vc_column_text][\/vc_column]<\/p>\n<p>[vc_column width=&#8221;1\/5&#8243;][vc_column_text][\/vc_column_text][\/vc_column][\/vc_row]<\/p>\n<\/div>","protected":false},"excerpt":{"rendered":"<p>Benvenuti sul sito web dell&#8217;Associazione delle guide turistiche ungheresi! [vc_row][vc_column width=&#8221;1\/6&#8243;][vc_column_text][\/vc_column_text][\/vc_column] [vc_column width=&#8221;4\/6&#8243;][vc_column_text] L\u2019Associazione delle guide turistiche ungheresi (Magyar Idegenvezet\u0151k Egyes\u00fclete, forma abbreviata: MIe) si \u00e8 costituita il 10 novembre 2016 a Budapest. Gli obiettivi della MIe: aumentare e mantenere alta la qualit\u00e0 del lavoro svolto e tutelare e rappresentare gli interessi professionali delle guide&hellip;<\/p>\n","protected":false},"author":2,"featured_media":16053,"parent":0,"menu_order":0,"comment_status":"closed","ping_status":"closed","template":"","meta":{"footnotes":""},"class_list":["post-2013","page","type-page","status-publish","has-post-thumbnail","hentry","description-off"],"yoast_head":"<!-- This site is optimized with the Yoast SEO plugin v27.4 - https:\/\/yoast.com\/product\/yoast-seo-wordpress\/ -->\n<title>Casa - Magyar Idegenvezet\u0151k Egyes\u00fclete<\/title>\n<meta name=\"robots\" content=\"index, follow, max-snippet:-1, max-image-preview:large, max-video-preview:-1\" \/>\n<link rel=\"canonical\" href=\"https:\/\/www.miguides.com\/it\/\" \/>\n<meta property=\"og:locale\" content=\"it_IT\" \/>\n<meta property=\"og:type\" content=\"article\" \/>\n<meta property=\"og:title\" content=\"Casa - Magyar Idegenvezet\u0151k Egyes\u00fclete\" \/>\n<meta property=\"og:description\" content=\"Benvenuti sul sito web dell&#8217;Associazione delle guide turistiche ungheresi! [vc_row][vc_column width=&#8221;1\/6&#8243;][vc_column_text][\/vc_column_text][\/vc_column] [vc_column width=&#8221;4\/6&#8243;][vc_column_text] L\u2019Associazione delle guide turistiche ungheresi (Magyar Idegenvezet\u0151k Egyes\u00fclete, forma abbreviata: MIe) si \u00e8 costituita il 10 novembre 2016 a Budapest. Gli obiettivi della MIe: aumentare e mantenere alta la qualit\u00e0 del lavoro svolto e tutelare e rappresentare gli interessi professionali delle guide&hellip;\" \/>\n<meta property=\"og:url\" content=\"https:\/\/www.miguides.com\/it\/\" \/>\n<meta property=\"og:site_name\" content=\"Magyar Idegenvezet\u0151k Egyes\u00fclete\" \/>\n<meta property=\"article:publisher\" content=\"https:\/\/www.facebook.com\/magyaridegenvezetokegyesulete\/\" \/>\n<meta property=\"article:modified_time\" content=\"2026-02-27T19:51:44+00:00\" \/>\n<meta property=\"og:image\" content=\"https:\/\/www.miguides.com\/wp-content\/uploads\/2024\/02\/Mie-vegleges-logo-2022.jpg\" \/>\n\t<meta property=\"og:image:width\" content=\"1181\" \/>\n\t<meta property=\"og:image:height\" content=\"1195\" \/>\n\t<meta property=\"og:image:type\" content=\"image\/jpeg\" \/>\n<meta name=\"twitter:card\" content=\"summary_large_image\" \/>\n<meta name=\"twitter:label1\" content=\"Tempo di lettura stimato\" \/>\n\t<meta name=\"twitter:data1\" content=\"3 minuti\" \/>\n<script type=\"application\/ld+json\" class=\"yoast-schema-graph\">{\"@context\":\"https:\\\/\\\/schema.org\",\"@graph\":[{\"@type\":\"WebPage\",\"@id\":\"https:\\\/\\\/www.miguides.com\\\/it\\\/\",\"url\":\"https:\\\/\\\/www.miguides.com\\\/it\\\/\",\"name\":\"Casa - Magyar Idegenvezet\u0151k Egyes\u00fclete\",\"isPartOf\":{\"@id\":\"https:\\\/\\\/www.miguides.com\\\/it\\\/#website\"},\"primaryImageOfPage\":{\"@id\":\"https:\\\/\\\/www.miguides.com\\\/it\\\/#primaryimage\"},\"image\":{\"@id\":\"https:\\\/\\\/www.miguides.com\\\/it\\\/#primaryimage\"},\"thumbnailUrl\":\"https:\\\/\\\/www.miguides.com\\\/wp-content\\\/uploads\\\/2024\\\/02\\\/Mie-vegleges-logo-2022.jpg\",\"datePublished\":\"2020-06-16T21:05:01+00:00\",\"dateModified\":\"2026-02-27T19:51:44+00:00\",\"breadcrumb\":{\"@id\":\"https:\\\/\\\/www.miguides.com\\\/it\\\/#breadcrumb\"},\"inLanguage\":\"it-IT\",\"potentialAction\":[{\"@type\":\"ReadAction\",\"target\":[\"https:\\\/\\\/www.miguides.com\\\/it\\\/\"]}]},{\"@type\":\"ImageObject\",\"inLanguage\":\"it-IT\",\"@id\":\"https:\\\/\\\/www.miguides.com\\\/it\\\/#primaryimage\",\"url\":\"https:\\\/\\\/www.miguides.com\\\/wp-content\\\/uploads\\\/2024\\\/02\\\/Mie-vegleges-logo-2022.jpg\",\"contentUrl\":\"https:\\\/\\\/www.miguides.com\\\/wp-content\\\/uploads\\\/2024\\\/02\\\/Mie-vegleges-logo-2022.jpg\",\"width\":1181,\"height\":1195},{\"@type\":\"BreadcrumbList\",\"@id\":\"https:\\\/\\\/www.miguides.com\\\/it\\\/#breadcrumb\",\"itemListElement\":[{\"@type\":\"ListItem\",\"position\":1,\"name\":\"Kezd\u0151lap\",\"item\":\"https:\\\/\\\/www.miguides.com\\\/it\\\/\"},{\"@type\":\"ListItem\",\"position\":2,\"name\":\"Casa\"}]},{\"@type\":\"WebSite\",\"@id\":\"https:\\\/\\\/www.miguides.com\\\/it\\\/#website\",\"url\":\"https:\\\/\\\/www.miguides.com\\\/it\\\/\",\"name\":\"Magyar Idegenvezet\u0151k Egyes\u00fclete\",\"description\":\"Magyar Idegenvezet\u0151k Egyes\u00fclete\",\"potentialAction\":[{\"@type\":\"SearchAction\",\"target\":{\"@type\":\"EntryPoint\",\"urlTemplate\":\"https:\\\/\\\/www.miguides.com\\\/it\\\/?s={search_term_string}\"},\"query-input\":{\"@type\":\"PropertyValueSpecification\",\"valueRequired\":true,\"valueName\":\"search_term_string\"}}],\"inLanguage\":\"it-IT\"}]}<\/script>\n<!-- \/ Yoast SEO plugin. -->","yoast_head_json":{"title":"Casa - Magyar Idegenvezet\u0151k Egyes\u00fclete","robots":{"index":"index","follow":"follow","max-snippet":"max-snippet:-1","max-image-preview":"max-image-preview:large","max-video-preview":"max-video-preview:-1"},"canonical":"https:\/\/www.miguides.com\/it\/","og_locale":"it_IT","og_type":"article","og_title":"Casa - Magyar Idegenvezet\u0151k Egyes\u00fclete","og_description":"Benvenuti sul sito web dell&#8217;Associazione delle guide turistiche ungheresi! [vc_row][vc_column width=&#8221;1\/6&#8243;][vc_column_text][\/vc_column_text][\/vc_column] [vc_column width=&#8221;4\/6&#8243;][vc_column_text] L\u2019Associazione delle guide turistiche ungheresi (Magyar Idegenvezet\u0151k Egyes\u00fclete, forma abbreviata: MIe) si \u00e8 costituita il 10 novembre 2016 a Budapest. Gli obiettivi della MIe: aumentare e mantenere alta la qualit\u00e0 del lavoro svolto e tutelare e rappresentare gli interessi professionali delle guide&hellip;","og_url":"https:\/\/www.miguides.com\/it\/","og_site_name":"Magyar Idegenvezet\u0151k Egyes\u00fclete","article_publisher":"https:\/\/www.facebook.com\/magyaridegenvezetokegyesulete\/","article_modified_time":"2026-02-27T19:51:44+00:00","og_image":[{"width":1181,"height":1195,"url":"https:\/\/www.miguides.com\/wp-content\/uploads\/2024\/02\/Mie-vegleges-logo-2022.jpg","type":"image\/jpeg"}],"twitter_card":"summary_large_image","twitter_misc":{"Tempo di lettura stimato":"3 minuti"},"schema":{"@context":"https:\/\/schema.org","@graph":[{"@type":"WebPage","@id":"https:\/\/www.miguides.com\/it\/","url":"https:\/\/www.miguides.com\/it\/","name":"Casa - Magyar Idegenvezet\u0151k Egyes\u00fclete","isPartOf":{"@id":"https:\/\/www.miguides.com\/it\/#website"},"primaryImageOfPage":{"@id":"https:\/\/www.miguides.com\/it\/#primaryimage"},"image":{"@id":"https:\/\/www.miguides.com\/it\/#primaryimage"},"thumbnailUrl":"https:\/\/www.miguides.com\/wp-content\/uploads\/2024\/02\/Mie-vegleges-logo-2022.jpg","datePublished":"2020-06-16T21:05:01+00:00","dateModified":"2026-02-27T19:51:44+00:00","breadcrumb":{"@id":"https:\/\/www.miguides.com\/it\/#breadcrumb"},"inLanguage":"it-IT","potentialAction":[{"@type":"ReadAction","target":["https:\/\/www.miguides.com\/it\/"]}]},{"@type":"ImageObject","inLanguage":"it-IT","@id":"https:\/\/www.miguides.com\/it\/#primaryimage","url":"https:\/\/www.miguides.com\/wp-content\/uploads\/2024\/02\/Mie-vegleges-logo-2022.jpg","contentUrl":"https:\/\/www.miguides.com\/wp-content\/uploads\/2024\/02\/Mie-vegleges-logo-2022.jpg","width":1181,"height":1195},{"@type":"BreadcrumbList","@id":"https:\/\/www.miguides.com\/it\/#breadcrumb","itemListElement":[{"@type":"ListItem","position":1,"name":"Kezd\u0151lap","item":"https:\/\/www.miguides.com\/it\/"},{"@type":"ListItem","position":2,"name":"Casa"}]},{"@type":"WebSite","@id":"https:\/\/www.miguides.com\/it\/#website","url":"https:\/\/www.miguides.com\/it\/","name":"Magyar Idegenvezet\u0151k Egyes\u00fclete","description":"Magyar Idegenvezet\u0151k Egyes\u00fclete","potentialAction":[{"@type":"SearchAction","target":{"@type":"EntryPoint","urlTemplate":"https:\/\/www.miguides.com\/it\/?s={search_term_string}"},"query-input":{"@type":"PropertyValueSpecification","valueRequired":true,"valueName":"search_term_string"}}],"inLanguage":"it-IT"}]}},"_links":{"self":[{"href":"https:\/\/www.miguides.com\/it\/wp-json\/wp\/v2\/pages\/2013","targetHints":{"allow":["GET"]}}],"collection":[{"href":"https:\/\/www.miguides.com\/it\/wp-json\/wp\/v2\/pages"}],"about":[{"href":"https:\/\/www.miguides.com\/it\/wp-json\/wp\/v2\/types\/page"}],"author":[{"embeddable":true,"href":"https:\/\/www.miguides.com\/it\/wp-json\/wp\/v2\/users\/2"}],"replies":[{"embeddable":true,"href":"https:\/\/www.miguides.com\/it\/wp-json\/wp\/v2\/comments?post=2013"}],"version-history":[{"count":4,"href":"https:\/\/www.miguides.com\/it\/wp-json\/wp\/v2\/pages\/2013\/revisions"}],"predecessor-version":[{"id":17519,"href":"https:\/\/www.miguides.com\/it\/wp-json\/wp\/v2\/pages\/2013\/revisions\/17519"}],"wp:featuredmedia":[{"embeddable":true,"href":"https:\/\/www.miguides.com\/it\/wp-json\/wp\/v2\/media\/16053"}],"wp:attachment":[{"href":"https:\/\/www.miguides.com\/it\/wp-json\/wp\/v2\/media?parent=2013"}],"curies":[{"name":"wp","href":"https:\/\/api.w.org\/{rel}","templated":true}]}}