{"id":2016,"date":"2020-06-16T23:10:32","date_gmt":"2020-06-16T21:10:32","guid":{"rendered":"https:\/\/miguides.com\/?page_id=2016"},"modified":"2026-02-27T20:50:00","modified_gmt":"2026-02-27T19:50:00","slug":"home","status":"publish","type":"page","link":"https:\/\/www.miguides.com\/fr\/","title":{"rendered":"Accueil"},"content":{"rendered":"<div class=\"wpb-content-wrapper\"><h2 style=\"text-align: center;\">Bienvenue sur le site de l\u2019Association des Guides Touristiques de Hongrie!<\/h2>\n<p><span style=\"font-weight: 400;\">[vc_row][vc_column width=\u00a0\u00bb1\/6&Prime;][vc_column_text]<\/span>[\/vc_column_text][\/vc_column]<\/p>\n<p><span style=\"font-weight: 400;\">[vc_column width=\u00a0\u00bb4\/6&Prime;][vc_column_text]<\/span><\/p>\n<p><span style=\"font-weight: 400;\">L\u2019Association des Guides Touristiques de Hongrie (Magyar Idegenvezet\u0151k Egyes\u00fclete \u2013 MIe) a \u00e9t\u00e9 fond\u00e9e le 10 novembre 2016 \u00e0 Budapest.<\/span><\/p>\n<p><span style=\"font-weight: 400;\">Nos objectifs sont:<\/span><\/p>\n<ul>\n<li style=\"font-weight: 400;\"><span style=\"font-weight: 400;\">d\u2019une part am\u00e9liorer et garantir la haute qualit\u00e9 de la profession de guide,<\/span><\/li>\n<li style=\"font-weight: 400;\"><span style=\"font-weight: 400;\">d\u2019autre part d\u00e9fendre les int\u00e9r\u00eats des guides-conf\u00e9renciers professionnels de Hongrie.<\/span><\/li>\n<\/ul>\n<p><span style=\"font-weight: 400;\">Pour la r\u00e9alisation de ces objectifs nous ouvrons des dialogues avec les responsables politiques et professionnels.<\/span><\/p>\n<p><span style=\"font-weight: 400;\">Nous sommes en coop\u00e9ration continue avec les autres organisations du tourisme en Hongrie et \u00e0 l\u2019\u00e9tranger.<\/span><\/p>\n<p><span style=\"font-weight: 400;\">L\u2019Association des Guides Touristiques de Hongrie exige une haute qualit\u00e9 professionnelle de ses membres ce pourquoi elle leur assure des formations r\u00e9guli\u00e8res.<\/span><\/p>\n<p><span style=\"font-weight: 400;\">Notre Assotiation exige de ses membres de respecter le Code \u00c9thique de Bonne Conduite.<\/span><\/p>\n<p><span style=\"font-weight: 400;\">Nous offrons de l\u2019aide professionnelle et \u2013 si n\u00e9cessaire \u2013 juridique aux guides titulaires de la carte professionnelle de guide-conf\u00e9rencier de Hongrie.<\/span><\/p>\n<p><span style=\"font-weight: 400;\">Selon les besoins nous proposons aux demandeurs une liste de guides professionnels de haute qualit\u00e9.<\/span><\/p>\n<p>[\/vc_column_text][\/vc_column]<span style=\"font-weight: 400;\">[vc_column width=\u00a0\u00bb1\/6&Prime;][vc_column_text]<\/span>[\/vc_column_text][\/vc_column][\/vc_row]<\/p>\n<h3 style=\"text-align: center;\">Voici nos partenaires et promoteurs<\/h3>\n<p>\u00a0<\/p>\n\n<p>[vc_row][vc_column width=\u00a0\u00bb1\/6&Prime;][vc_column_text][\/vc_column_text][\/vc_column]<\/p>\n<p style=\"text-align: left;\">[vc_column width=\u00a0\u00bb1\/5&Prime;][vc_column_text]<b>Member of<\/b><\/p>\n<p style=\"text-align: left;\"><img loading=\"lazy\" decoding=\"async\" class=\"alignnone wp-image-7502\" src=\"https:\/\/www.miguides.com\/wp-content\/uploads\/2020\/11\/WFTGA-01_1200px-150x150.jpg\" alt=\"World Federation of Tourist Guide Associations\" width=\"150\" height=\"150\" srcset=\"https:\/\/www.miguides.com\/wp-content\/uploads\/2020\/11\/WFTGA-01_1200px-150x150.jpg 150w, https:\/\/www.miguides.com\/wp-content\/uploads\/2020\/11\/WFTGA-01_1200px-300x300.jpg 300w, https:\/\/www.miguides.com\/wp-content\/uploads\/2020\/11\/WFTGA-01_1200px-200x200.jpg 200w, https:\/\/www.miguides.com\/wp-content\/uploads\/2020\/11\/WFTGA-01_1200px-600x600.jpg 600w, https:\/\/www.miguides.com\/wp-content\/uploads\/2020\/11\/WFTGA-01_1200px-1024x1024.jpg 1024w, https:\/\/www.miguides.com\/wp-content\/uploads\/2020\/11\/WFTGA-01_1200px-768x768.jpg 768w, https:\/\/www.miguides.com\/wp-content\/uploads\/2020\/11\/WFTGA-01_1200px.jpg 1200w\" sizes=\"auto, (max-width: 150px) 100vw, 150px\" \/>[\/vc_column_text][\/vc_column]<\/p>\n<p style=\"text-align: left;\">[vc_column width=\u00a0\u00bb1\/5&Prime;][vc_column_text]<b>Member of<\/b><\/p>\n<p><img loading=\"lazy\" decoding=\"async\" class=\"alignnone wp-image-3033\" src=\"https:\/\/miguides.com\/wp-content\/uploads\/2020\/03\/FEG-150x150.jpg\" alt=\"European Federation of Tourist Guide Associations\" width=\"150\" height=\"150\">[\/vc_column_text][\/vc_column]<\/p>\n<p>[vc_column width=\u00a0\u00bb1\/5&Prime;][vc_column_text]<\/p>\n<p>[\/vc_column_text][\/vc_column]<\/p>\n<p>[vc_column width=\u00a0\u00bb1\/5&Prime;][vc_column_text][\/vc_column_text][\/vc_column][\/vc_row]<\/p>\n\n\n<p>[vc_row][vc_column width=\u00a0\u00bb1\/6&Prime;][vc_column_text][\/vc_column_text][\/vc_column]<\/p>\n<p>[vc_column width=\u00a0\u00bb1\/5&Prime;][vc_column_text]<a href=\"https:\/\/www.iminibusz.hu\/\" target=\"_blank\" rel=\"noopener noreferrer\"><img loading=\"lazy\" decoding=\"async\" class=\"alignnone wp-image-2365 size-full\" src=\"https:\/\/miguides.com\/wp-content\/uploads\/2017\/05\/file-page1.jpg\" alt=\"\" width=\"248\" height=\"46\"><\/a>[\/vc_column_text][\/vc_column]<\/p>\n<p>[vc_column width=\u00a0\u00bb1\/5&Prime;][vc_column_text]<a href=\"https:\/\/www.hotelvisegrad.hu\" target=\"_blank\" rel=\"noopener noreferrer\"><img loading=\"lazy\" decoding=\"async\" class=\"alignnone wp-image-2361 size-full\" src=\"https:\/\/miguides.com\/wp-content\/uploads\/2017\/05\/Hotel_Visegrad_logo-jpg.jpg\" alt=\"\" width=\"228\" height=\"80\"><\/a>[\/vc_column_text][\/vc_column]<\/p>\n<p>[vc_column width=\u00a0\u00bb1\/5&Prime;][vc_column_text][\/vc_column_text][\/vc_column]<\/p>\n<p>[vc_column width=\u00a0\u00bb1\/5&Prime;][vc_column_text][\/vc_column_text][\/vc_column][\/vc_row]<\/p>\n\n\n<p>[vc_row][vc_column width=\u00a0\u00bb1\/6&Prime;][vc_column_text][\/vc_column_text][\/vc_column]<\/p>\n<p>[vc_column width=\u00a0\u00bb1\/5&Prime;][vc_column_text]<img loading=\"lazy\" decoding=\"async\" class=\"alignnone wp-image-2877\" src=\"https:\/\/miguides.com\/wp-content\/uploads\/2018\/04\/VIA_SACRA_logo_2C_lila_zold-300x171.jpg\" alt=\"\" width=\"229\" height=\"108\">[\/vc_column_text][\/vc_column][vc_column width=\u00a0\u00bb1\/5&Prime;][vc_column_text]<img loading=\"lazy\" decoding=\"async\" class=\"alignnone  wp-image-2881\" src=\"https:\/\/miguides.com\/wp-content\/uploads\/2018\/04\/zseppelin_nagylogo_mpng-300x137.png\" alt=\"\" width=\"257\" height=\"95\">[\/vc_column_text][\/vc_column][vc_column width=\u00a0\u00bb1\/5&Prime;][vc_column_text]<img loading=\"lazy\" decoding=\"async\" class=\"alignnone  wp-image-2937\" src=\"https:\/\/miguides.com\/wp-content\/uploads\/2019\/08\/proko_logo_png1-300x300.png\" alt=\"\" width=\"178\" height=\"136\">[\/vc_column_text][\/vc_column]<\/p>\n<p>[vc_column width=\u00a0\u00bb1\/5&Prime;][vc_column_text][\/vc_column_text][\/vc_column][\/vc_row]<\/p>\n<\/div>","protected":false},"excerpt":{"rendered":"<p>Bienvenue sur le site de l\u2019Association des Guides Touristiques de Hongrie! [vc_row][vc_column width=\u00a0\u00bb1\/6&Prime;][vc_column_text][\/vc_column_text][\/vc_column] [vc_column width=\u00a0\u00bb4\/6&Prime;][vc_column_text] L\u2019Association des Guides Touristiques de Hongrie (Magyar Idegenvezet\u0151k Egyes\u00fclete \u2013 MIe) a \u00e9t\u00e9 fond\u00e9e le 10 novembre 2016 \u00e0 Budapest. Nos objectifs sont: d\u2019une part am\u00e9liorer et garantir la haute qualit\u00e9 de la profession de guide, d\u2019autre part d\u00e9fendre les&hellip;<\/p>\n","protected":false},"author":2,"featured_media":16051,"parent":0,"menu_order":0,"comment_status":"closed","ping_status":"closed","template":"","meta":{"footnotes":""},"class_list":["post-2016","page","type-page","status-publish","has-post-thumbnail","hentry","description-off"],"yoast_head":"<!-- This site is optimized with the Yoast SEO plugin v27.4 - https:\/\/yoast.com\/product\/yoast-seo-wordpress\/ -->\n<title>Accueil - Magyar Idegenvezet\u0151k Egyes\u00fclete<\/title>\n<meta name=\"robots\" content=\"index, follow, max-snippet:-1, max-image-preview:large, max-video-preview:-1\" \/>\n<link rel=\"canonical\" href=\"https:\/\/www.miguides.com\/fr\/\" \/>\n<meta property=\"og:locale\" content=\"fr_FR\" \/>\n<meta property=\"og:type\" content=\"article\" \/>\n<meta property=\"og:title\" content=\"Accueil - Magyar Idegenvezet\u0151k Egyes\u00fclete\" \/>\n<meta property=\"og:description\" content=\"Bienvenue sur le site de l\u2019Association des Guides Touristiques de Hongrie! [vc_row][vc_column width=\u00a0\u00bb1\/6&Prime;][vc_column_text][\/vc_column_text][\/vc_column] [vc_column width=\u00a0\u00bb4\/6&Prime;][vc_column_text] L\u2019Association des Guides Touristiques de Hongrie (Magyar Idegenvezet\u0151k Egyes\u00fclete \u2013 MIe) a \u00e9t\u00e9 fond\u00e9e le 10 novembre 2016 \u00e0 Budapest. Nos objectifs sont: d\u2019une part am\u00e9liorer et garantir la haute qualit\u00e9 de la profession de guide, d\u2019autre part d\u00e9fendre les&hellip;\" \/>\n<meta property=\"og:url\" content=\"https:\/\/www.miguides.com\/fr\/\" \/>\n<meta property=\"og:site_name\" content=\"Magyar Idegenvezet\u0151k Egyes\u00fclete\" \/>\n<meta property=\"article:publisher\" content=\"https:\/\/www.facebook.com\/magyaridegenvezetokegyesulete\/\" \/>\n<meta property=\"article:modified_time\" content=\"2026-02-27T19:50:00+00:00\" \/>\n<meta property=\"og:image\" content=\"https:\/\/www.miguides.com\/wp-content\/uploads\/2024\/02\/Mie-vegleges-logo-2022.jpg\" \/>\n\t<meta property=\"og:image:width\" content=\"1181\" \/>\n\t<meta property=\"og:image:height\" content=\"1195\" \/>\n\t<meta property=\"og:image:type\" content=\"image\/jpeg\" \/>\n<meta name=\"twitter:card\" content=\"summary_large_image\" \/>\n<meta name=\"twitter:label1\" content=\"Dur\u00e9e de lecture estim\u00e9e\" \/>\n\t<meta name=\"twitter:data1\" content=\"3 minutes\" \/>\n<script type=\"application\/ld+json\" class=\"yoast-schema-graph\">{\"@context\":\"https:\\\/\\\/schema.org\",\"@graph\":[{\"@type\":\"WebPage\",\"@id\":\"https:\\\/\\\/www.miguides.com\\\/fr\\\/\",\"url\":\"https:\\\/\\\/www.miguides.com\\\/fr\\\/\",\"name\":\"Accueil - Magyar Idegenvezet\u0151k Egyes\u00fclete\",\"isPartOf\":{\"@id\":\"https:\\\/\\\/www.miguides.com\\\/fr\\\/#website\"},\"primaryImageOfPage\":{\"@id\":\"https:\\\/\\\/www.miguides.com\\\/fr\\\/#primaryimage\"},\"image\":{\"@id\":\"https:\\\/\\\/www.miguides.com\\\/fr\\\/#primaryimage\"},\"thumbnailUrl\":\"https:\\\/\\\/www.miguides.com\\\/wp-content\\\/uploads\\\/2024\\\/02\\\/Mie-vegleges-logo-2022.jpg\",\"datePublished\":\"2020-06-16T21:10:32+00:00\",\"dateModified\":\"2026-02-27T19:50:00+00:00\",\"breadcrumb\":{\"@id\":\"https:\\\/\\\/www.miguides.com\\\/fr\\\/#breadcrumb\"},\"inLanguage\":\"fr-FR\",\"potentialAction\":[{\"@type\":\"ReadAction\",\"target\":[\"https:\\\/\\\/www.miguides.com\\\/fr\\\/\"]}]},{\"@type\":\"ImageObject\",\"inLanguage\":\"fr-FR\",\"@id\":\"https:\\\/\\\/www.miguides.com\\\/fr\\\/#primaryimage\",\"url\":\"https:\\\/\\\/www.miguides.com\\\/wp-content\\\/uploads\\\/2024\\\/02\\\/Mie-vegleges-logo-2022.jpg\",\"contentUrl\":\"https:\\\/\\\/www.miguides.com\\\/wp-content\\\/uploads\\\/2024\\\/02\\\/Mie-vegleges-logo-2022.jpg\",\"width\":1181,\"height\":1195},{\"@type\":\"BreadcrumbList\",\"@id\":\"https:\\\/\\\/www.miguides.com\\\/fr\\\/#breadcrumb\",\"itemListElement\":[{\"@type\":\"ListItem\",\"position\":1,\"name\":\"Kezd\u0151lap\",\"item\":\"https:\\\/\\\/www.miguides.com\\\/fr\\\/\"},{\"@type\":\"ListItem\",\"position\":2,\"name\":\"Accueil\"}]},{\"@type\":\"WebSite\",\"@id\":\"https:\\\/\\\/www.miguides.com\\\/fr\\\/#website\",\"url\":\"https:\\\/\\\/www.miguides.com\\\/fr\\\/\",\"name\":\"Magyar Idegenvezet\u0151k Egyes\u00fclete\",\"description\":\"Magyar Idegenvezet\u0151k Egyes\u00fclete\",\"potentialAction\":[{\"@type\":\"SearchAction\",\"target\":{\"@type\":\"EntryPoint\",\"urlTemplate\":\"https:\\\/\\\/www.miguides.com\\\/fr\\\/?s={search_term_string}\"},\"query-input\":{\"@type\":\"PropertyValueSpecification\",\"valueRequired\":true,\"valueName\":\"search_term_string\"}}],\"inLanguage\":\"fr-FR\"}]}<\/script>\n<!-- \/ Yoast SEO plugin. -->","yoast_head_json":{"title":"Accueil - Magyar Idegenvezet\u0151k Egyes\u00fclete","robots":{"index":"index","follow":"follow","max-snippet":"max-snippet:-1","max-image-preview":"max-image-preview:large","max-video-preview":"max-video-preview:-1"},"canonical":"https:\/\/www.miguides.com\/fr\/","og_locale":"fr_FR","og_type":"article","og_title":"Accueil - Magyar Idegenvezet\u0151k Egyes\u00fclete","og_description":"Bienvenue sur le site de l\u2019Association des Guides Touristiques de Hongrie! [vc_row][vc_column width=\u00a0\u00bb1\/6&Prime;][vc_column_text][\/vc_column_text][\/vc_column] [vc_column width=\u00a0\u00bb4\/6&Prime;][vc_column_text] L\u2019Association des Guides Touristiques de Hongrie (Magyar Idegenvezet\u0151k Egyes\u00fclete \u2013 MIe) a \u00e9t\u00e9 fond\u00e9e le 10 novembre 2016 \u00e0 Budapest. Nos objectifs sont: d\u2019une part am\u00e9liorer et garantir la haute qualit\u00e9 de la profession de guide, d\u2019autre part d\u00e9fendre les&hellip;","og_url":"https:\/\/www.miguides.com\/fr\/","og_site_name":"Magyar Idegenvezet\u0151k Egyes\u00fclete","article_publisher":"https:\/\/www.facebook.com\/magyaridegenvezetokegyesulete\/","article_modified_time":"2026-02-27T19:50:00+00:00","og_image":[{"width":1181,"height":1195,"url":"https:\/\/www.miguides.com\/wp-content\/uploads\/2024\/02\/Mie-vegleges-logo-2022.jpg","type":"image\/jpeg"}],"twitter_card":"summary_large_image","twitter_misc":{"Dur\u00e9e de lecture estim\u00e9e":"3 minutes"},"schema":{"@context":"https:\/\/schema.org","@graph":[{"@type":"WebPage","@id":"https:\/\/www.miguides.com\/fr\/","url":"https:\/\/www.miguides.com\/fr\/","name":"Accueil - Magyar Idegenvezet\u0151k Egyes\u00fclete","isPartOf":{"@id":"https:\/\/www.miguides.com\/fr\/#website"},"primaryImageOfPage":{"@id":"https:\/\/www.miguides.com\/fr\/#primaryimage"},"image":{"@id":"https:\/\/www.miguides.com\/fr\/#primaryimage"},"thumbnailUrl":"https:\/\/www.miguides.com\/wp-content\/uploads\/2024\/02\/Mie-vegleges-logo-2022.jpg","datePublished":"2020-06-16T21:10:32+00:00","dateModified":"2026-02-27T19:50:00+00:00","breadcrumb":{"@id":"https:\/\/www.miguides.com\/fr\/#breadcrumb"},"inLanguage":"fr-FR","potentialAction":[{"@type":"ReadAction","target":["https:\/\/www.miguides.com\/fr\/"]}]},{"@type":"ImageObject","inLanguage":"fr-FR","@id":"https:\/\/www.miguides.com\/fr\/#primaryimage","url":"https:\/\/www.miguides.com\/wp-content\/uploads\/2024\/02\/Mie-vegleges-logo-2022.jpg","contentUrl":"https:\/\/www.miguides.com\/wp-content\/uploads\/2024\/02\/Mie-vegleges-logo-2022.jpg","width":1181,"height":1195},{"@type":"BreadcrumbList","@id":"https:\/\/www.miguides.com\/fr\/#breadcrumb","itemListElement":[{"@type":"ListItem","position":1,"name":"Kezd\u0151lap","item":"https:\/\/www.miguides.com\/fr\/"},{"@type":"ListItem","position":2,"name":"Accueil"}]},{"@type":"WebSite","@id":"https:\/\/www.miguides.com\/fr\/#website","url":"https:\/\/www.miguides.com\/fr\/","name":"Magyar Idegenvezet\u0151k Egyes\u00fclete","description":"Magyar Idegenvezet\u0151k Egyes\u00fclete","potentialAction":[{"@type":"SearchAction","target":{"@type":"EntryPoint","urlTemplate":"https:\/\/www.miguides.com\/fr\/?s={search_term_string}"},"query-input":{"@type":"PropertyValueSpecification","valueRequired":true,"valueName":"search_term_string"}}],"inLanguage":"fr-FR"}]}},"_links":{"self":[{"href":"https:\/\/www.miguides.com\/fr\/wp-json\/wp\/v2\/pages\/2016","targetHints":{"allow":["GET"]}}],"collection":[{"href":"https:\/\/www.miguides.com\/fr\/wp-json\/wp\/v2\/pages"}],"about":[{"href":"https:\/\/www.miguides.com\/fr\/wp-json\/wp\/v2\/types\/page"}],"author":[{"embeddable":true,"href":"https:\/\/www.miguides.com\/fr\/wp-json\/wp\/v2\/users\/2"}],"replies":[{"embeddable":true,"href":"https:\/\/www.miguides.com\/fr\/wp-json\/wp\/v2\/comments?post=2016"}],"version-history":[{"count":4,"href":"https:\/\/www.miguides.com\/fr\/wp-json\/wp\/v2\/pages\/2016\/revisions"}],"predecessor-version":[{"id":17517,"href":"https:\/\/www.miguides.com\/fr\/wp-json\/wp\/v2\/pages\/2016\/revisions\/17517"}],"wp:featuredmedia":[{"embeddable":true,"href":"https:\/\/www.miguides.com\/fr\/wp-json\/wp\/v2\/media\/16051"}],"wp:attachment":[{"href":"https:\/\/www.miguides.com\/fr\/wp-json\/wp\/v2\/media?parent=2016"}],"curies":[{"name":"wp","href":"https:\/\/api.w.org\/{rel}","templated":true}]}}