{"id":1995,"date":"2020-06-16T21:54:37","date_gmt":"2020-06-16T19:54:37","guid":{"rendered":"https:\/\/miguides.com\/?page_id=1995"},"modified":"2026-02-27T20:48:40","modified_gmt":"2026-02-27T19:48:40","slug":"home","status":"publish","type":"page","link":"https:\/\/www.miguides.com\/en\/","title":{"rendered":"Home"},"content":{"rendered":"<div class=\"wpb-content-wrapper\"><h2 style=\"text-align: center;\">Welcome to the website of the Hungarian Tourist Guides&#8217; Association!<\/h2>\n<p><span style=\"font-weight: 400;\">[vc_row][vc_column width=&#8221;1\/6&#8243;][vc_column_text]<\/span>[\/vc_column_text][\/vc_column]<\/p>\n<p><span style=\"font-weight: 400;\">[vc_column width=&#8221;4\/6&#8243;][vc_column_text]<\/span><\/p>\n<p style=\"font-weight: 400;\">The Hungarian Tourist Guides&#8217; Association (Magyar Idegenvezet\u0151k Egyes\u00fclete, MIE) was founded on November 10, 2016 in Budapest.<\/p>\n<p style=\"font-weight: 400;\">We aim to<\/p>\n<ul>\n<li style=\"font-weight: 400;\">Lift the standards of our profession and keep them at a high level at one hand<\/li>\n<li style=\"font-weight: 400;\">Represent the professional interests of tour guides licensed in Hungary at the other hand<\/li>\n<\/ul>\n<p style=\"font-weight: 400;\">For the sake of the above we meet with professional and political decision makers on a regular basis.<\/p>\n<p style=\"font-weight: 400;\">We are permanently cooperating with the most important fellow institutions in the tourism industry both nationwide and abroad.<\/p>\n<p style=\"font-weight: 400;\">The Hungarian Tourist Guides&#8217; Association is very keen on the professional level of its members which we are ensuring by organizing trainings as well.<\/p>\n<p style=\"font-weight: 400;\">Our Association expects all of its members to comply with its Code of Ethics.<\/p>\n<p style=\"font-weight: 400;\">We provide professional help or if it becomes necessary, legal assistance to tour guides licensed in Hungary.<\/p>\n<p style=\"font-weight: 400;\">In case it is needed we can also refer to any enquirer one of our high standard tour guide members or you can look them up in our <a href=\"https:\/\/miguides.com\/en\/egyesuleti-tagok-members\/\">\u201eTourist Guide Search\u201d<\/a> register list on your own.<\/p>\n<p>[\/vc_column_text][\/vc_column]<span style=\"font-weight: 400;\">[vc_column width=&#8221;1\/6&#8243;][vc_column_text]<\/span>[\/vc_column_text][\/vc_column][\/vc_row]<\/p>\n<h3 style=\"text-align: center;\">Our partners and promoters<\/h3>\n<p>\u00a0<\/p>\n\n<p>[vc_row][vc_column width=&#8221;1\/6&#8243;][vc_column_text][\/vc_column_text][\/vc_column]<\/p>\n<p style=\"text-align: left;\">[vc_column width=&#8221;1\/5&#8243;][vc_column_text]<b>Member of<\/b><\/p>\n<p style=\"text-align: left;\"><img loading=\"lazy\" decoding=\"async\" class=\"alignnone wp-image-7501\" src=\"https:\/\/www.miguides.com\/wp-content\/uploads\/2020\/11\/WFTGA-01_1200px-150x150.jpg\" alt=\"World Federation of Tourist Guide Associations\" width=\"150\" height=\"150\" srcset=\"https:\/\/www.miguides.com\/wp-content\/uploads\/2020\/11\/WFTGA-01_1200px-150x150.jpg 150w, https:\/\/www.miguides.com\/wp-content\/uploads\/2020\/11\/WFTGA-01_1200px-300x300.jpg 300w, https:\/\/www.miguides.com\/wp-content\/uploads\/2020\/11\/WFTGA-01_1200px-200x200.jpg 200w, https:\/\/www.miguides.com\/wp-content\/uploads\/2020\/11\/WFTGA-01_1200px-600x600.jpg 600w, https:\/\/www.miguides.com\/wp-content\/uploads\/2020\/11\/WFTGA-01_1200px-1024x1024.jpg 1024w, https:\/\/www.miguides.com\/wp-content\/uploads\/2020\/11\/WFTGA-01_1200px-768x768.jpg 768w, https:\/\/www.miguides.com\/wp-content\/uploads\/2020\/11\/WFTGA-01_1200px.jpg 1200w\" sizes=\"auto, (max-width: 150px) 100vw, 150px\" \/>[\/vc_column_text][\/vc_column]<\/p>\n<p style=\"text-align: left;\">[vc_column width=&#8221;1\/5&#8243;][vc_column_text]<b>Member of<\/b><\/p>\n<p><img loading=\"lazy\" decoding=\"async\" class=\"alignnone wp-image-3032\" src=\"https:\/\/miguides.com\/wp-content\/uploads\/2020\/03\/FEG-150x150.jpg\" alt=\"European Federation of Tourist Guide Associations\" width=\"150\" height=\"150\">[\/vc_column_text][\/vc_column]<\/p>\n<p>[vc_column width=&#8221;1\/5&#8243;][vc_column_text]<\/p>\n<p>[\/vc_column_text][\/vc_column]<\/p>\n<p>[vc_column width=&#8221;1\/5&#8243;][vc_column_text][\/vc_column_text][\/vc_column][\/vc_row]<\/p>\n\n\n<p>[vc_row][vc_column width=&#8221;1\/6&#8243;][vc_column_text][\/vc_column_text][\/vc_column]<\/p>\n<p>[vc_column width=&#8221;1\/5&#8243;][vc_column_text]<a href=\"https:\/\/www.iminibusz.hu\/\" target=\"_blank\" rel=\"noopener noreferrer\"><img loading=\"lazy\" decoding=\"async\" class=\"alignnone wp-image-2364 size-full\" src=\"https:\/\/miguides.com\/wp-content\/uploads\/2017\/05\/file-page1.jpg\" alt=\"\" width=\"248\" height=\"46\"><\/a>[\/vc_column_text][\/vc_column]<\/p>\n<p>[vc_column width=&#8221;1\/5&#8243;][vc_column_text]<a href=\"https:\/\/www.hotelvisegrad.hu\" target=\"_blank\" rel=\"noopener noreferrer\"><img loading=\"lazy\" decoding=\"async\" class=\"alignnone wp-image-2360 size-full\" src=\"https:\/\/miguides.com\/wp-content\/uploads\/2017\/05\/Hotel_Visegrad_logo-jpg.jpg\" alt=\"\" width=\"228\" height=\"80\"><\/a>[\/vc_column_text][\/vc_column]<\/p>\n<p>[vc_column width=&#8221;1\/5&#8243;][vc_column_text][\/vc_column_text][\/vc_column]<\/p>\n<p>[vc_column width=&#8221;1\/5&#8243;][vc_column_text][\/vc_column_text][\/vc_column][\/vc_row]<\/p>\n\n\n<p>[vc_row][vc_column width=&#8221;1\/6&#8243;][vc_column_text][\/vc_column_text][\/vc_column]<\/p>\n<p>[vc_column width=&#8221;1\/5&#8243;][vc_column_text]<img loading=\"lazy\" decoding=\"async\" class=\"alignnone wp-image-2876\" src=\"https:\/\/miguides.com\/wp-content\/uploads\/2018\/04\/VIA_SACRA_logo_2C_lila_zold-300x171.jpg\" alt=\"\" width=\"229\" height=\"108\">[\/vc_column_text][\/vc_column][vc_column width=&#8221;1\/5&#8243;][vc_column_text]<img loading=\"lazy\" decoding=\"async\" class=\"alignnone  wp-image-2880\" src=\"https:\/\/miguides.com\/wp-content\/uploads\/2018\/04\/zseppelin_nagylogo_mpng-300x137.png\" alt=\"\" width=\"257\" height=\"95\">[\/vc_column_text][\/vc_column][vc_column width=&#8221;1\/5&#8243;][vc_column_text]<img loading=\"lazy\" decoding=\"async\" class=\"alignnone  wp-image-2936\" src=\"https:\/\/miguides.com\/wp-content\/uploads\/2019\/08\/proko_logo_png1-300x300.png\" alt=\"\" width=\"178\" height=\"136\">[\/vc_column_text][\/vc_column]<\/p>\n<p>[vc_column width=&#8221;1\/5&#8243;][vc_column_text][\/vc_column_text][\/vc_column][\/vc_row]<\/p>\n<\/div>","protected":false},"excerpt":{"rendered":"<p>Welcome to the website of the Hungarian Tourist Guides&#8217; Association! [vc_row][vc_column width=&#8221;1\/6&#8243;][vc_column_text][\/vc_column_text][\/vc_column] [vc_column width=&#8221;4\/6&#8243;][vc_column_text] The Hungarian Tourist Guides&#8217; Association (Magyar Idegenvezet\u0151k Egyes\u00fclete, MIE) was founded on November 10, 2016 in Budapest. We aim to Lift the standards of our profession and keep them at a high level at one hand Represent the professional interests of&hellip;<\/p>\n","protected":false},"author":2,"featured_media":16050,"parent":0,"menu_order":0,"comment_status":"closed","ping_status":"closed","template":"","meta":{"footnotes":""},"class_list":["post-1995","page","type-page","status-publish","has-post-thumbnail","hentry","description-off"],"yoast_head":"<!-- This site is optimized with the Yoast SEO plugin v27.4 - https:\/\/yoast.com\/product\/yoast-seo-wordpress\/ -->\n<title>Home - Magyar Idegenvezet\u0151k Egyes\u00fclete<\/title>\n<meta name=\"robots\" content=\"index, follow, max-snippet:-1, max-image-preview:large, max-video-preview:-1\" \/>\n<link rel=\"canonical\" href=\"https:\/\/www.miguides.com\/en\/\" \/>\n<meta property=\"og:locale\" content=\"en_US\" \/>\n<meta property=\"og:type\" content=\"article\" \/>\n<meta property=\"og:title\" content=\"Home - Magyar Idegenvezet\u0151k Egyes\u00fclete\" \/>\n<meta property=\"og:description\" content=\"Welcome to the website of the Hungarian Tourist Guides&#8217; Association! [vc_row][vc_column width=&#8221;1\/6&#8243;][vc_column_text][\/vc_column_text][\/vc_column] [vc_column width=&#8221;4\/6&#8243;][vc_column_text] The Hungarian Tourist Guides&#8217; Association (Magyar Idegenvezet\u0151k Egyes\u00fclete, MIE) was founded on November 10, 2016 in Budapest. We aim to Lift the standards of our profession and keep them at a high level at one hand Represent the professional interests of&hellip;\" \/>\n<meta property=\"og:url\" content=\"https:\/\/www.miguides.com\/en\/\" \/>\n<meta property=\"og:site_name\" content=\"Magyar Idegenvezet\u0151k Egyes\u00fclete\" \/>\n<meta property=\"article:publisher\" content=\"https:\/\/www.facebook.com\/magyaridegenvezetokegyesulete\/\" \/>\n<meta property=\"article:modified_time\" content=\"2026-02-27T19:48:40+00:00\" \/>\n<meta property=\"og:image\" content=\"https:\/\/www.miguides.com\/wp-content\/uploads\/2024\/02\/Mie-vegleges-logo-2022.jpg\" \/>\n\t<meta property=\"og:image:width\" content=\"1181\" \/>\n\t<meta property=\"og:image:height\" content=\"1195\" \/>\n\t<meta property=\"og:image:type\" content=\"image\/jpeg\" \/>\n<meta name=\"twitter:card\" content=\"summary_large_image\" \/>\n<meta name=\"twitter:label1\" content=\"Est. reading time\" \/>\n\t<meta name=\"twitter:data1\" content=\"3 minutes\" \/>\n<script type=\"application\/ld+json\" class=\"yoast-schema-graph\">{\"@context\":\"https:\\\/\\\/schema.org\",\"@graph\":[{\"@type\":\"WebPage\",\"@id\":\"https:\\\/\\\/www.miguides.com\\\/en\\\/\",\"url\":\"https:\\\/\\\/www.miguides.com\\\/en\\\/\",\"name\":\"Home - Magyar Idegenvezet\u0151k Egyes\u00fclete\",\"isPartOf\":{\"@id\":\"https:\\\/\\\/www.miguides.com\\\/en\\\/#website\"},\"primaryImageOfPage\":{\"@id\":\"https:\\\/\\\/www.miguides.com\\\/en\\\/#primaryimage\"},\"image\":{\"@id\":\"https:\\\/\\\/www.miguides.com\\\/en\\\/#primaryimage\"},\"thumbnailUrl\":\"https:\\\/\\\/www.miguides.com\\\/wp-content\\\/uploads\\\/2024\\\/02\\\/Mie-vegleges-logo-2022.jpg\",\"datePublished\":\"2020-06-16T19:54:37+00:00\",\"dateModified\":\"2026-02-27T19:48:40+00:00\",\"breadcrumb\":{\"@id\":\"https:\\\/\\\/www.miguides.com\\\/en\\\/#breadcrumb\"},\"inLanguage\":\"en-US\",\"potentialAction\":[{\"@type\":\"ReadAction\",\"target\":[\"https:\\\/\\\/www.miguides.com\\\/en\\\/\"]}]},{\"@type\":\"ImageObject\",\"inLanguage\":\"en-US\",\"@id\":\"https:\\\/\\\/www.miguides.com\\\/en\\\/#primaryimage\",\"url\":\"https:\\\/\\\/www.miguides.com\\\/wp-content\\\/uploads\\\/2024\\\/02\\\/Mie-vegleges-logo-2022.jpg\",\"contentUrl\":\"https:\\\/\\\/www.miguides.com\\\/wp-content\\\/uploads\\\/2024\\\/02\\\/Mie-vegleges-logo-2022.jpg\",\"width\":1181,\"height\":1195},{\"@type\":\"BreadcrumbList\",\"@id\":\"https:\\\/\\\/www.miguides.com\\\/en\\\/#breadcrumb\",\"itemListElement\":[{\"@type\":\"ListItem\",\"position\":1,\"name\":\"Kezd\u0151lap\",\"item\":\"https:\\\/\\\/www.miguides.com\\\/en\\\/\"},{\"@type\":\"ListItem\",\"position\":2,\"name\":\"Home\"}]},{\"@type\":\"WebSite\",\"@id\":\"https:\\\/\\\/www.miguides.com\\\/en\\\/#website\",\"url\":\"https:\\\/\\\/www.miguides.com\\\/en\\\/\",\"name\":\"Magyar Idegenvezet\u0151k Egyes\u00fclete\",\"description\":\"Magyar Idegenvezet\u0151k Egyes\u00fclete\",\"potentialAction\":[{\"@type\":\"SearchAction\",\"target\":{\"@type\":\"EntryPoint\",\"urlTemplate\":\"https:\\\/\\\/www.miguides.com\\\/en\\\/?s={search_term_string}\"},\"query-input\":{\"@type\":\"PropertyValueSpecification\",\"valueRequired\":true,\"valueName\":\"search_term_string\"}}],\"inLanguage\":\"en-US\"}]}<\/script>\n<!-- \/ Yoast SEO plugin. -->","yoast_head_json":{"title":"Home - Magyar Idegenvezet\u0151k Egyes\u00fclete","robots":{"index":"index","follow":"follow","max-snippet":"max-snippet:-1","max-image-preview":"max-image-preview:large","max-video-preview":"max-video-preview:-1"},"canonical":"https:\/\/www.miguides.com\/en\/","og_locale":"en_US","og_type":"article","og_title":"Home - Magyar Idegenvezet\u0151k Egyes\u00fclete","og_description":"Welcome to the website of the Hungarian Tourist Guides&#8217; Association! [vc_row][vc_column width=&#8221;1\/6&#8243;][vc_column_text][\/vc_column_text][\/vc_column] [vc_column width=&#8221;4\/6&#8243;][vc_column_text] The Hungarian Tourist Guides&#8217; Association (Magyar Idegenvezet\u0151k Egyes\u00fclete, MIE) was founded on November 10, 2016 in Budapest. We aim to Lift the standards of our profession and keep them at a high level at one hand Represent the professional interests of&hellip;","og_url":"https:\/\/www.miguides.com\/en\/","og_site_name":"Magyar Idegenvezet\u0151k Egyes\u00fclete","article_publisher":"https:\/\/www.facebook.com\/magyaridegenvezetokegyesulete\/","article_modified_time":"2026-02-27T19:48:40+00:00","og_image":[{"width":1181,"height":1195,"url":"https:\/\/www.miguides.com\/wp-content\/uploads\/2024\/02\/Mie-vegleges-logo-2022.jpg","type":"image\/jpeg"}],"twitter_card":"summary_large_image","twitter_misc":{"Est. reading time":"3 minutes"},"schema":{"@context":"https:\/\/schema.org","@graph":[{"@type":"WebPage","@id":"https:\/\/www.miguides.com\/en\/","url":"https:\/\/www.miguides.com\/en\/","name":"Home - Magyar Idegenvezet\u0151k Egyes\u00fclete","isPartOf":{"@id":"https:\/\/www.miguides.com\/en\/#website"},"primaryImageOfPage":{"@id":"https:\/\/www.miguides.com\/en\/#primaryimage"},"image":{"@id":"https:\/\/www.miguides.com\/en\/#primaryimage"},"thumbnailUrl":"https:\/\/www.miguides.com\/wp-content\/uploads\/2024\/02\/Mie-vegleges-logo-2022.jpg","datePublished":"2020-06-16T19:54:37+00:00","dateModified":"2026-02-27T19:48:40+00:00","breadcrumb":{"@id":"https:\/\/www.miguides.com\/en\/#breadcrumb"},"inLanguage":"en-US","potentialAction":[{"@type":"ReadAction","target":["https:\/\/www.miguides.com\/en\/"]}]},{"@type":"ImageObject","inLanguage":"en-US","@id":"https:\/\/www.miguides.com\/en\/#primaryimage","url":"https:\/\/www.miguides.com\/wp-content\/uploads\/2024\/02\/Mie-vegleges-logo-2022.jpg","contentUrl":"https:\/\/www.miguides.com\/wp-content\/uploads\/2024\/02\/Mie-vegleges-logo-2022.jpg","width":1181,"height":1195},{"@type":"BreadcrumbList","@id":"https:\/\/www.miguides.com\/en\/#breadcrumb","itemListElement":[{"@type":"ListItem","position":1,"name":"Kezd\u0151lap","item":"https:\/\/www.miguides.com\/en\/"},{"@type":"ListItem","position":2,"name":"Home"}]},{"@type":"WebSite","@id":"https:\/\/www.miguides.com\/en\/#website","url":"https:\/\/www.miguides.com\/en\/","name":"Magyar Idegenvezet\u0151k Egyes\u00fclete","description":"Magyar Idegenvezet\u0151k Egyes\u00fclete","potentialAction":[{"@type":"SearchAction","target":{"@type":"EntryPoint","urlTemplate":"https:\/\/www.miguides.com\/en\/?s={search_term_string}"},"query-input":{"@type":"PropertyValueSpecification","valueRequired":true,"valueName":"search_term_string"}}],"inLanguage":"en-US"}]}},"_links":{"self":[{"href":"https:\/\/www.miguides.com\/en\/wp-json\/wp\/v2\/pages\/1995","targetHints":{"allow":["GET"]}}],"collection":[{"href":"https:\/\/www.miguides.com\/en\/wp-json\/wp\/v2\/pages"}],"about":[{"href":"https:\/\/www.miguides.com\/en\/wp-json\/wp\/v2\/types\/page"}],"author":[{"embeddable":true,"href":"https:\/\/www.miguides.com\/en\/wp-json\/wp\/v2\/users\/2"}],"replies":[{"embeddable":true,"href":"https:\/\/www.miguides.com\/en\/wp-json\/wp\/v2\/comments?post=1995"}],"version-history":[{"count":4,"href":"https:\/\/www.miguides.com\/en\/wp-json\/wp\/v2\/pages\/1995\/revisions"}],"predecessor-version":[{"id":17516,"href":"https:\/\/www.miguides.com\/en\/wp-json\/wp\/v2\/pages\/1995\/revisions\/17516"}],"wp:featuredmedia":[{"embeddable":true,"href":"https:\/\/www.miguides.com\/en\/wp-json\/wp\/v2\/media\/16050"}],"wp:attachment":[{"href":"https:\/\/www.miguides.com\/en\/wp-json\/wp\/v2\/media?parent=1995"}],"curies":[{"name":"wp","href":"https:\/\/api.w.org\/{rel}","templated":true}]}}