{"id":2058,"date":"2020-06-17T00:36:43","date_gmt":"2020-06-16T22:36:43","guid":{"rendered":"https:\/\/miguides.com\/?page_id=2058"},"modified":"2025-11-18T18:40:23","modified_gmt":"2025-11-18T17:40:23","slug":"2058-2","status":"publish","type":"page","link":"https:\/\/www.miguides.com\/de\/2058-2\/","title":{"rendered":"Kontakt"},"content":{"rendered":"<div class=\"wpb-content-wrapper\"><p>[vc_row][vc_column][vc_column_text]<\/p>\n<h3>Verband Ungarischer Fremdenf\u00fchrer<\/h3>\n<p><strong>Adresse:<\/strong> <strong>H-1063 Budapest, Szinyei Merse P\u00e1l utca 10.,alagsor 2., Ungarn<\/strong><br \/><strong>Web:<\/strong> https:\/\/miguides.com<br \/><strong>Facebook:<\/strong> https:\/\/www.facebook.com\/magyaridegenvezetokegyesulete\/<\/p>\n<h4>Verwaltung:<\/h4>\n<p><strong>Judit De\u00e1k &#8211;<\/strong> Pr\u00e4sidentin, allgemeine Fragen: +3620 599 4544<br \/>info@miguides.com<\/p>\n<p><strong>Gergely Papp &#8211;<\/strong> Vorstandsmitglied, Sprecher: +3630 696 7672<br \/>titkarsag@miguides.com<\/p>\n<div><b>Krisztina Tam\u00e1si &#8211;<\/b>Ethik und Internationale Verbindungen: +3620 373 3094<\/div>\n<div>\n<div>tourism@miguides.com<\/div>\n<\/div>\n<p>[\/vc_column_text][\/vc_column][\/vc_row]<\/p>\n\n<div class=\"wpcf7 no-js\" id=\"wpcf7-f2074-o1\" lang=\"de-DE\" dir=\"ltr\" data-wpcf7-id=\"2074\">\n<div class=\"screen-reader-response\"><p role=\"status\" aria-live=\"polite\" aria-atomic=\"true\"><\/p> <ul><\/ul><\/div>\n<form action=\"\/de\/wp-json\/wp\/v2\/pages\/2058#wpcf7-f2074-o1\" method=\"post\" class=\"wpcf7-form init\" aria-label=\"Kontaktformular\" novalidate=\"novalidate\" data-status=\"init\">\n<fieldset class=\"hidden-fields-container\"><input type=\"hidden\" name=\"_wpcf7\" value=\"2074\" \/><input type=\"hidden\" name=\"_wpcf7_version\" value=\"6.1.5\" \/><input type=\"hidden\" name=\"_wpcf7_locale\" value=\"de_DE\" \/><input type=\"hidden\" name=\"_wpcf7_unit_tag\" value=\"wpcf7-f2074-o1\" \/><input type=\"hidden\" name=\"_wpcf7_container_post\" value=\"0\" \/><input type=\"hidden\" name=\"_wpcf7_posted_data_hash\" value=\"\" \/><input type=\"hidden\" name=\"_wpcf7_recaptcha_response\" value=\"\" \/>\n<\/fieldset>\n<p><label> Name (obligatorisch)<br \/>\n<span class=\"wpcf7-form-control-wrap\" data-name=\"your-name\"><input size=\"40\" maxlength=\"400\" class=\"wpcf7-form-control wpcf7-text wpcf7-validates-as-required\" aria-required=\"true\" aria-invalid=\"false\" value=\"\" type=\"text\" name=\"your-name\" \/><\/span> <\/label>\n<\/p>\n<p><label> E-Mail (obligatorisch)<br \/>\n<span class=\"wpcf7-form-control-wrap\" data-name=\"your-email\"><input size=\"40\" maxlength=\"400\" class=\"wpcf7-form-control wpcf7-email wpcf7-validates-as-required wpcf7-text wpcf7-validates-as-email\" aria-required=\"true\" aria-invalid=\"false\" value=\"\" type=\"email\" name=\"your-email\" \/><\/span> <\/label>\n<\/p>\n<p><label> Telefon (obligatorisch)<br \/>\n<span class=\"wpcf7-form-control-wrap\" data-name=\"text-694\"><input size=\"40\" maxlength=\"400\" class=\"wpcf7-form-control wpcf7-text wpcf7-validates-as-required\" aria-required=\"true\" aria-invalid=\"false\" value=\"\" type=\"text\" name=\"text-694\" \/><\/span><\/label>\n<\/p>\n<p><label> Gegenstand<br \/>\n<span class=\"wpcf7-form-control-wrap\" data-name=\"your-subject\"><input size=\"40\" maxlength=\"400\" class=\"wpcf7-form-control wpcf7-text\" aria-invalid=\"false\" value=\"\" type=\"text\" name=\"your-subject\" \/><\/span> <\/label>\n<\/p>\n<p><label> Botschaft<br \/>\n<span class=\"wpcf7-form-control-wrap\" data-name=\"your-message\"><textarea cols=\"40\" rows=\"10\" maxlength=\"2000\" class=\"wpcf7-form-control wpcf7-textarea\" aria-invalid=\"false\" name=\"your-message\"><\/textarea><\/span> <\/label>\n<\/p>\n<p><input class=\"wpcf7-form-control wpcf7-submit has-spinner\" type=\"submit\" value=\"einreichen\" \/>\n<\/p><div class=\"wpcf7-response-output\" aria-hidden=\"true\"><\/div>\n<\/form>\n<\/div>\n\n\n\n<p><\/p>\n<\/div>","protected":false},"excerpt":{"rendered":"<p>[vc_row][vc_column][vc_column_text] Verband Ungarischer Fremdenf\u00fchrer Adresse: H-1063 Budapest, Szinyei Merse P\u00e1l utca 10.,alagsor 2., UngarnWeb: https:\/\/miguides.comFacebook: https:\/\/www.facebook.com\/magyaridegenvezetokegyesulete\/ Verwaltung: Judit De\u00e1k &#8211; Pr\u00e4sidentin, allgemeine Fragen: +3620 599 4544info@miguides.com Gergely Papp &#8211; Vorstandsmitglied, Sprecher: +3630 696 7672titkarsag@miguides.com Krisztina Tam\u00e1si &#8211;Ethik und Internationale Verbindungen: +3620 373 3094 tourism@miguides.com [\/vc_column_text][\/vc_column][\/vc_row]<\/p>\n","protected":false},"author":2,"featured_media":0,"parent":0,"menu_order":0,"comment_status":"closed","ping_status":"closed","template":"","meta":{"footnotes":""},"class_list":["post-2058","page","type-page","status-publish","hentry","description-off"],"yoast_head":"<!-- This site is optimized with the Yoast SEO plugin v27.4 - https:\/\/yoast.com\/product\/yoast-seo-wordpress\/ -->\n<title>Kontakt - Magyar Idegenvezet\u0151k Egyes\u00fclete<\/title>\n<meta name=\"robots\" content=\"index, follow, max-snippet:-1, max-image-preview:large, max-video-preview:-1\" \/>\n<link rel=\"canonical\" href=\"https:\/\/www.miguides.com\/de\/2058-2\/\" \/>\n<meta property=\"og:locale\" content=\"de_DE\" \/>\n<meta property=\"og:type\" content=\"article\" \/>\n<meta property=\"og:title\" content=\"Kontakt - Magyar Idegenvezet\u0151k Egyes\u00fclete\" \/>\n<meta property=\"og:description\" content=\"[vc_row][vc_column][vc_column_text] Verband Ungarischer Fremdenf\u00fchrer Adresse: H-1063 Budapest, Szinyei Merse P\u00e1l utca 10.,alagsor 2., UngarnWeb: https:\/\/miguides.comFacebook: https:\/\/www.facebook.com\/magyaridegenvezetokegyesulete\/ Verwaltung: Judit De\u00e1k &#8211; Pr\u00e4sidentin, allgemeine Fragen: +3620 599 4544info@miguides.com Gergely Papp &#8211; Vorstandsmitglied, Sprecher: +3630 696 7672titkarsag@miguides.com Krisztina Tam\u00e1si &#8211;Ethik und Internationale Verbindungen: +3620 373 3094 tourism@miguides.com [\/vc_column_text][\/vc_column][\/vc_row]\" \/>\n<meta property=\"og:url\" content=\"https:\/\/www.miguides.com\/de\/2058-2\/\" \/>\n<meta property=\"og:site_name\" content=\"Magyar Idegenvezet\u0151k Egyes\u00fclete\" \/>\n<meta property=\"article:publisher\" content=\"https:\/\/www.facebook.com\/magyaridegenvezetokegyesulete\/\" \/>\n<meta property=\"article:modified_time\" content=\"2025-11-18T17:40:23+00:00\" \/>\n<meta name=\"twitter:card\" content=\"summary_large_image\" \/>\n<meta name=\"twitter:label1\" content=\"Gesch\u00e4tzte Lesezeit\" \/>\n\t<meta name=\"twitter:data1\" content=\"1\u00a0Minute\" \/>\n<script type=\"application\/ld+json\" class=\"yoast-schema-graph\">{\"@context\":\"https:\\\/\\\/schema.org\",\"@graph\":[{\"@type\":\"WebPage\",\"@id\":\"https:\\\/\\\/www.miguides.com\\\/de\\\/2058-2\\\/\",\"url\":\"https:\\\/\\\/www.miguides.com\\\/de\\\/2058-2\\\/\",\"name\":\"Kontakt - Magyar Idegenvezet\u0151k Egyes\u00fclete\",\"isPartOf\":{\"@id\":\"https:\\\/\\\/www.miguides.com\\\/de\\\/#website\"},\"datePublished\":\"2020-06-16T22:36:43+00:00\",\"dateModified\":\"2025-11-18T17:40:23+00:00\",\"breadcrumb\":{\"@id\":\"https:\\\/\\\/www.miguides.com\\\/de\\\/2058-2\\\/#breadcrumb\"},\"inLanguage\":\"de\",\"potentialAction\":[{\"@type\":\"ReadAction\",\"target\":[\"https:\\\/\\\/www.miguides.com\\\/de\\\/2058-2\\\/\"]}]},{\"@type\":\"BreadcrumbList\",\"@id\":\"https:\\\/\\\/www.miguides.com\\\/de\\\/2058-2\\\/#breadcrumb\",\"itemListElement\":[{\"@type\":\"ListItem\",\"position\":1,\"name\":\"Kezd\u0151lap\",\"item\":\"https:\\\/\\\/www.miguides.com\\\/de\\\/\"},{\"@type\":\"ListItem\",\"position\":2,\"name\":\"Kontakt\"}]},{\"@type\":\"WebSite\",\"@id\":\"https:\\\/\\\/www.miguides.com\\\/de\\\/#website\",\"url\":\"https:\\\/\\\/www.miguides.com\\\/de\\\/\",\"name\":\"Magyar Idegenvezet\u0151k Egyes\u00fclete\",\"description\":\"Magyar Idegenvezet\u0151k Egyes\u00fclete\",\"potentialAction\":[{\"@type\":\"SearchAction\",\"target\":{\"@type\":\"EntryPoint\",\"urlTemplate\":\"https:\\\/\\\/www.miguides.com\\\/de\\\/?s={search_term_string}\"},\"query-input\":{\"@type\":\"PropertyValueSpecification\",\"valueRequired\":true,\"valueName\":\"search_term_string\"}}],\"inLanguage\":\"de\"}]}<\/script>\n<!-- \/ Yoast SEO plugin. -->","yoast_head_json":{"title":"Kontakt - Magyar Idegenvezet\u0151k Egyes\u00fclete","robots":{"index":"index","follow":"follow","max-snippet":"max-snippet:-1","max-image-preview":"max-image-preview:large","max-video-preview":"max-video-preview:-1"},"canonical":"https:\/\/www.miguides.com\/de\/2058-2\/","og_locale":"de_DE","og_type":"article","og_title":"Kontakt - Magyar Idegenvezet\u0151k Egyes\u00fclete","og_description":"[vc_row][vc_column][vc_column_text] Verband Ungarischer Fremdenf\u00fchrer Adresse: H-1063 Budapest, Szinyei Merse P\u00e1l utca 10.,alagsor 2., UngarnWeb: https:\/\/miguides.comFacebook: https:\/\/www.facebook.com\/magyaridegenvezetokegyesulete\/ Verwaltung: Judit De\u00e1k &#8211; Pr\u00e4sidentin, allgemeine Fragen: +3620 599 4544info@miguides.com Gergely Papp &#8211; Vorstandsmitglied, Sprecher: +3630 696 7672titkarsag@miguides.com Krisztina Tam\u00e1si &#8211;Ethik und Internationale Verbindungen: +3620 373 3094 tourism@miguides.com [\/vc_column_text][\/vc_column][\/vc_row]","og_url":"https:\/\/www.miguides.com\/de\/2058-2\/","og_site_name":"Magyar Idegenvezet\u0151k Egyes\u00fclete","article_publisher":"https:\/\/www.facebook.com\/magyaridegenvezetokegyesulete\/","article_modified_time":"2025-11-18T17:40:23+00:00","twitter_card":"summary_large_image","twitter_misc":{"Gesch\u00e4tzte Lesezeit":"1\u00a0Minute"},"schema":{"@context":"https:\/\/schema.org","@graph":[{"@type":"WebPage","@id":"https:\/\/www.miguides.com\/de\/2058-2\/","url":"https:\/\/www.miguides.com\/de\/2058-2\/","name":"Kontakt - Magyar Idegenvezet\u0151k Egyes\u00fclete","isPartOf":{"@id":"https:\/\/www.miguides.com\/de\/#website"},"datePublished":"2020-06-16T22:36:43+00:00","dateModified":"2025-11-18T17:40:23+00:00","breadcrumb":{"@id":"https:\/\/www.miguides.com\/de\/2058-2\/#breadcrumb"},"inLanguage":"de","potentialAction":[{"@type":"ReadAction","target":["https:\/\/www.miguides.com\/de\/2058-2\/"]}]},{"@type":"BreadcrumbList","@id":"https:\/\/www.miguides.com\/de\/2058-2\/#breadcrumb","itemListElement":[{"@type":"ListItem","position":1,"name":"Kezd\u0151lap","item":"https:\/\/www.miguides.com\/de\/"},{"@type":"ListItem","position":2,"name":"Kontakt"}]},{"@type":"WebSite","@id":"https:\/\/www.miguides.com\/de\/#website","url":"https:\/\/www.miguides.com\/de\/","name":"Magyar Idegenvezet\u0151k Egyes\u00fclete","description":"Magyar Idegenvezet\u0151k Egyes\u00fclete","potentialAction":[{"@type":"SearchAction","target":{"@type":"EntryPoint","urlTemplate":"https:\/\/www.miguides.com\/de\/?s={search_term_string}"},"query-input":{"@type":"PropertyValueSpecification","valueRequired":true,"valueName":"search_term_string"}}],"inLanguage":"de"}]}},"_links":{"self":[{"href":"https:\/\/www.miguides.com\/de\/wp-json\/wp\/v2\/pages\/2058","targetHints":{"allow":["GET"]}}],"collection":[{"href":"https:\/\/www.miguides.com\/de\/wp-json\/wp\/v2\/pages"}],"about":[{"href":"https:\/\/www.miguides.com\/de\/wp-json\/wp\/v2\/types\/page"}],"author":[{"embeddable":true,"href":"https:\/\/www.miguides.com\/de\/wp-json\/wp\/v2\/users\/2"}],"replies":[{"embeddable":true,"href":"https:\/\/www.miguides.com\/de\/wp-json\/wp\/v2\/comments?post=2058"}],"version-history":[{"count":5,"href":"https:\/\/www.miguides.com\/de\/wp-json\/wp\/v2\/pages\/2058\/revisions"}],"predecessor-version":[{"id":17229,"href":"https:\/\/www.miguides.com\/de\/wp-json\/wp\/v2\/pages\/2058\/revisions\/17229"}],"wp:attachment":[{"href":"https:\/\/www.miguides.com\/de\/wp-json\/wp\/v2\/media?parent=2058"}],"curies":[{"name":"wp","href":"https:\/\/api.w.org\/{rel}","templated":true}]}}