{"id":10613,"date":"2021-02-03T08:43:47","date_gmt":"2021-02-03T07:43:47","guid":{"rendered":"https:\/\/miguides.com\/?page_id=10613"},"modified":"2021-02-03T08:43:55","modified_gmt":"2021-02-03T07:43:55","slug":"willkommen-auf-der-webseite-des-verbandes-ungarischer-fremdenfuehrer","status":"publish","type":"page","link":"https:\/\/www.miguides.com\/de\/willkommen-auf-der-webseite-des-verbandes-ungarischer-fremdenfuehrer\/","title":{"rendered":"Willkommen auf der Webseite des Verbandes Ungarischer Fremdenf\u00fchrer!"},"content":{"rendered":"\n<p>Der Verband Ungarischer Fremdenf\u00fchrer (Magyar Idegenvezet\u0151k Egyes\u00fclete = MIe) wurde am 10. November 2016 gegr\u00fcndet.<\/p>\n\n\n\n<p>Ziele des Verbandes sind<\/p>\n\n\n\n<ul class=\"wp-block-list\"><li>einerseits die Steigerung des Know-Hows und der Fachkompetenz der Fremdenf\u00fchrerInnen<\/li><li>andererseits die Interessenvertretung der staatlich gepr\u00fcften Fremdenf\u00fchrerInnen in Ungarn<\/li><\/ul>\n\n\n\n<p>Um f\u00fcr die Zukunft ger\u00fcstet zu sein,<\/p>\n\n\n\n<ul class=\"wp-block-list\"><li>bieten wir laufend Weiterbildungskurse f\u00fcr die Mitglieder des Verbandes Ungarischer Fremdenf\u00fchrer an<ul><li>f\u00fchren wir regelm\u00e4\u00dfige Gespr\u00e4che \u00fcber branchenspezifische Themen mit Entscheidungstr\u00e4gern aus Wirtschaft und Politik im Interesse unserer Mitglieder<\/li><\/ul><ul><li>arbeiten wir eng mit den wichtigsten touristischen Fachgruppen im In- und Ausland zusammen<\/li><\/ul><\/li><\/ul>\n\n\n\n<p>Neben dem hohen fachlichen Qualit\u00e4tsanspruch erwarten wir von unseren Mitgliedern die Einhaltung des Ethikkodexes.<\/p>\n\n\n\n<p>Bei Bedarf leisten wir f\u00fcr die in Ungarn staatlich gepr\u00fcften Fremdenf\u00fchrerInnen im Rahmen der Mitgliedschaft Rechtsbeistand.<\/p>\n\n\n\n<p><br>Sie suchen einen hochqualifizierten Fremdenf\u00fchrerIn in Ungarn?<\/p>\n\n\n\n<p>Dann sind Sie bei uns genau richtig. Gerne helfen wir Ihnen weiter. Bitte klicken Sie hier: <a href=\"https:\/\/miguides.com\/de\">https:\/\/miguides.com\/de<\/a><\/p>\n","protected":false},"excerpt":{"rendered":"<p>Der Verband Ungarischer Fremdenf\u00fchrer (Magyar Idegenvezet\u0151k Egyes\u00fclete = MIe) wurde am 10. November 2016 gegr\u00fcndet. Ziele des Verbandes sind einerseits die Steigerung des Know-Hows und der Fachkompetenz der Fremdenf\u00fchrerInnen andererseits die Interessenvertretung der staatlich gepr\u00fcften Fremdenf\u00fchrerInnen in Ungarn Um f\u00fcr die Zukunft ger\u00fcstet zu sein, bieten wir laufend Weiterbildungskurse f\u00fcr die Mitglieder des Verbandes Ungarischer&hellip;<\/p>\n","protected":false},"author":2,"featured_media":0,"parent":0,"menu_order":0,"comment_status":"closed","ping_status":"closed","template":"","meta":{"footnotes":""},"class_list":["post-10613","page","type-page","status-publish","hentry","description-off"],"yoast_head":"<!-- This site is optimized with the Yoast SEO plugin v27.4 - https:\/\/yoast.com\/product\/yoast-seo-wordpress\/ -->\n<title>Willkommen auf der Webseite des Verbandes Ungarischer Fremdenf\u00fchrer! - Magyar Idegenvezet\u0151k Egyes\u00fclete<\/title>\n<meta name=\"robots\" content=\"index, follow, max-snippet:-1, max-image-preview:large, max-video-preview:-1\" \/>\n<link rel=\"canonical\" href=\"https:\/\/www.miguides.com\/de\/willkommen-auf-der-webseite-des-verbandes-ungarischer-fremdenfuehrer\/\" \/>\n<meta property=\"og:locale\" content=\"de_DE\" \/>\n<meta property=\"og:type\" content=\"article\" \/>\n<meta property=\"og:title\" content=\"Willkommen auf der Webseite des Verbandes Ungarischer Fremdenf\u00fchrer! - Magyar Idegenvezet\u0151k Egyes\u00fclete\" \/>\n<meta property=\"og:description\" content=\"Der Verband Ungarischer Fremdenf\u00fchrer (Magyar Idegenvezet\u0151k Egyes\u00fclete = MIe) wurde am 10. November 2016 gegr\u00fcndet. Ziele des Verbandes sind einerseits die Steigerung des Know-Hows und der Fachkompetenz der Fremdenf\u00fchrerInnen andererseits die Interessenvertretung der staatlich gepr\u00fcften Fremdenf\u00fchrerInnen in Ungarn Um f\u00fcr die Zukunft ger\u00fcstet zu sein, bieten wir laufend Weiterbildungskurse f\u00fcr die Mitglieder des Verbandes Ungarischer&hellip;\" \/>\n<meta property=\"og:url\" content=\"https:\/\/www.miguides.com\/de\/willkommen-auf-der-webseite-des-verbandes-ungarischer-fremdenfuehrer\/\" \/>\n<meta property=\"og:site_name\" content=\"Magyar Idegenvezet\u0151k Egyes\u00fclete\" \/>\n<meta property=\"article:publisher\" content=\"https:\/\/www.facebook.com\/magyaridegenvezetokegyesulete\/\" \/>\n<meta property=\"article:modified_time\" content=\"2021-02-03T07:43:55+00:00\" \/>\n<meta name=\"twitter:card\" content=\"summary_large_image\" \/>\n<meta name=\"twitter:label1\" content=\"Gesch\u00e4tzte Lesezeit\" \/>\n\t<meta name=\"twitter:data1\" content=\"1\u00a0Minute\" \/>\n<script type=\"application\/ld+json\" class=\"yoast-schema-graph\">{\"@context\":\"https:\\\/\\\/schema.org\",\"@graph\":[{\"@type\":\"WebPage\",\"@id\":\"https:\\\/\\\/www.miguides.com\\\/de\\\/willkommen-auf-der-webseite-des-verbandes-ungarischer-fremdenfuehrer\\\/\",\"url\":\"https:\\\/\\\/www.miguides.com\\\/de\\\/willkommen-auf-der-webseite-des-verbandes-ungarischer-fremdenfuehrer\\\/\",\"name\":\"Willkommen auf der Webseite des Verbandes Ungarischer Fremdenf\u00fchrer! - Magyar Idegenvezet\u0151k Egyes\u00fclete\",\"isPartOf\":{\"@id\":\"https:\\\/\\\/www.miguides.com\\\/de\\\/#website\"},\"datePublished\":\"2021-02-03T07:43:47+00:00\",\"dateModified\":\"2021-02-03T07:43:55+00:00\",\"breadcrumb\":{\"@id\":\"https:\\\/\\\/www.miguides.com\\\/de\\\/willkommen-auf-der-webseite-des-verbandes-ungarischer-fremdenfuehrer\\\/#breadcrumb\"},\"inLanguage\":\"de\",\"potentialAction\":[{\"@type\":\"ReadAction\",\"target\":[\"https:\\\/\\\/www.miguides.com\\\/de\\\/willkommen-auf-der-webseite-des-verbandes-ungarischer-fremdenfuehrer\\\/\"]}]},{\"@type\":\"BreadcrumbList\",\"@id\":\"https:\\\/\\\/www.miguides.com\\\/de\\\/willkommen-auf-der-webseite-des-verbandes-ungarischer-fremdenfuehrer\\\/#breadcrumb\",\"itemListElement\":[{\"@type\":\"ListItem\",\"position\":1,\"name\":\"Kezd\u0151lap\",\"item\":\"https:\\\/\\\/www.miguides.com\\\/de\\\/\"},{\"@type\":\"ListItem\",\"position\":2,\"name\":\"Willkommen auf der Webseite des Verbandes Ungarischer Fremdenf\u00fchrer!\"}]},{\"@type\":\"WebSite\",\"@id\":\"https:\\\/\\\/www.miguides.com\\\/de\\\/#website\",\"url\":\"https:\\\/\\\/www.miguides.com\\\/de\\\/\",\"name\":\"Magyar Idegenvezet\u0151k Egyes\u00fclete\",\"description\":\"Magyar Idegenvezet\u0151k Egyes\u00fclete\",\"potentialAction\":[{\"@type\":\"SearchAction\",\"target\":{\"@type\":\"EntryPoint\",\"urlTemplate\":\"https:\\\/\\\/www.miguides.com\\\/de\\\/?s={search_term_string}\"},\"query-input\":{\"@type\":\"PropertyValueSpecification\",\"valueRequired\":true,\"valueName\":\"search_term_string\"}}],\"inLanguage\":\"de\"}]}<\/script>\n<!-- \/ Yoast SEO plugin. -->","yoast_head_json":{"title":"Willkommen auf der Webseite des Verbandes Ungarischer Fremdenf\u00fchrer! - Magyar Idegenvezet\u0151k Egyes\u00fclete","robots":{"index":"index","follow":"follow","max-snippet":"max-snippet:-1","max-image-preview":"max-image-preview:large","max-video-preview":"max-video-preview:-1"},"canonical":"https:\/\/www.miguides.com\/de\/willkommen-auf-der-webseite-des-verbandes-ungarischer-fremdenfuehrer\/","og_locale":"de_DE","og_type":"article","og_title":"Willkommen auf der Webseite des Verbandes Ungarischer Fremdenf\u00fchrer! - Magyar Idegenvezet\u0151k Egyes\u00fclete","og_description":"Der Verband Ungarischer Fremdenf\u00fchrer (Magyar Idegenvezet\u0151k Egyes\u00fclete = MIe) wurde am 10. November 2016 gegr\u00fcndet. Ziele des Verbandes sind einerseits die Steigerung des Know-Hows und der Fachkompetenz der Fremdenf\u00fchrerInnen andererseits die Interessenvertretung der staatlich gepr\u00fcften Fremdenf\u00fchrerInnen in Ungarn Um f\u00fcr die Zukunft ger\u00fcstet zu sein, bieten wir laufend Weiterbildungskurse f\u00fcr die Mitglieder des Verbandes Ungarischer&hellip;","og_url":"https:\/\/www.miguides.com\/de\/willkommen-auf-der-webseite-des-verbandes-ungarischer-fremdenfuehrer\/","og_site_name":"Magyar Idegenvezet\u0151k Egyes\u00fclete","article_publisher":"https:\/\/www.facebook.com\/magyaridegenvezetokegyesulete\/","article_modified_time":"2021-02-03T07:43:55+00:00","twitter_card":"summary_large_image","twitter_misc":{"Gesch\u00e4tzte Lesezeit":"1\u00a0Minute"},"schema":{"@context":"https:\/\/schema.org","@graph":[{"@type":"WebPage","@id":"https:\/\/www.miguides.com\/de\/willkommen-auf-der-webseite-des-verbandes-ungarischer-fremdenfuehrer\/","url":"https:\/\/www.miguides.com\/de\/willkommen-auf-der-webseite-des-verbandes-ungarischer-fremdenfuehrer\/","name":"Willkommen auf der Webseite des Verbandes Ungarischer Fremdenf\u00fchrer! - Magyar Idegenvezet\u0151k Egyes\u00fclete","isPartOf":{"@id":"https:\/\/www.miguides.com\/de\/#website"},"datePublished":"2021-02-03T07:43:47+00:00","dateModified":"2021-02-03T07:43:55+00:00","breadcrumb":{"@id":"https:\/\/www.miguides.com\/de\/willkommen-auf-der-webseite-des-verbandes-ungarischer-fremdenfuehrer\/#breadcrumb"},"inLanguage":"de","potentialAction":[{"@type":"ReadAction","target":["https:\/\/www.miguides.com\/de\/willkommen-auf-der-webseite-des-verbandes-ungarischer-fremdenfuehrer\/"]}]},{"@type":"BreadcrumbList","@id":"https:\/\/www.miguides.com\/de\/willkommen-auf-der-webseite-des-verbandes-ungarischer-fremdenfuehrer\/#breadcrumb","itemListElement":[{"@type":"ListItem","position":1,"name":"Kezd\u0151lap","item":"https:\/\/www.miguides.com\/de\/"},{"@type":"ListItem","position":2,"name":"Willkommen auf der Webseite des Verbandes Ungarischer Fremdenf\u00fchrer!"}]},{"@type":"WebSite","@id":"https:\/\/www.miguides.com\/de\/#website","url":"https:\/\/www.miguides.com\/de\/","name":"Magyar Idegenvezet\u0151k Egyes\u00fclete","description":"Magyar Idegenvezet\u0151k Egyes\u00fclete","potentialAction":[{"@type":"SearchAction","target":{"@type":"EntryPoint","urlTemplate":"https:\/\/www.miguides.com\/de\/?s={search_term_string}"},"query-input":{"@type":"PropertyValueSpecification","valueRequired":true,"valueName":"search_term_string"}}],"inLanguage":"de"}]}},"_links":{"self":[{"href":"https:\/\/www.miguides.com\/de\/wp-json\/wp\/v2\/pages\/10613","targetHints":{"allow":["GET"]}}],"collection":[{"href":"https:\/\/www.miguides.com\/de\/wp-json\/wp\/v2\/pages"}],"about":[{"href":"https:\/\/www.miguides.com\/de\/wp-json\/wp\/v2\/types\/page"}],"author":[{"embeddable":true,"href":"https:\/\/www.miguides.com\/de\/wp-json\/wp\/v2\/users\/2"}],"replies":[{"embeddable":true,"href":"https:\/\/www.miguides.com\/de\/wp-json\/wp\/v2\/comments?post=10613"}],"version-history":[{"count":1,"href":"https:\/\/www.miguides.com\/de\/wp-json\/wp\/v2\/pages\/10613\/revisions"}],"predecessor-version":[{"id":10615,"href":"https:\/\/www.miguides.com\/de\/wp-json\/wp\/v2\/pages\/10613\/revisions\/10615"}],"wp:attachment":[{"href":"https:\/\/www.miguides.com\/de\/wp-json\/wp\/v2\/media?parent=10613"}],"curies":[{"name":"wp","href":"https:\/\/api.w.org\/{rel}","templated":true}]}}